{"id":15894,"date":"2026-04-24T16:29:35","date_gmt":"2026-04-24T16:29:35","guid":{"rendered":"https:\/\/doreytiles.pt\/?post_type=product&#038;p=15894"},"modified":"2026-04-24T17:13:38","modified_gmt":"2026-04-24T17:13:38","slug":"painel-com-vaso-floral-sec-xviii","status":"publish","type":"product","link":"https:\/\/doreytiles.pt\/pt-pt\/product\/painel-com-vaso-floral-sec-xviii\/","title":{"rendered":"Painel com vaso floral &#8211; s\u00e9c. XIX"},"content":{"rendered":"<p>Per\u00edodo: s\u00e9c. XIX<\/p>\n<pre><\/pre>\n<p>Dimens\u00f5es: 84 x 182 cm<\/p>\n<pre><\/pre>\n<p>Painel decorativo em azul, amarelo, verde e mangan\u00eas. Com a ilustra\u00e7\u00e3o de uma composi\u00e7\u00e3o sim\u00e9trica com vaso central florido, motivos vegetalistas e moldura ornamentada em corda.<\/p>\n","protected":false},"excerpt":{"rendered":"<p>Per\u00edodo: s\u00e9c. XIX Dimens\u00f5es: 84 x 182 cm Painel decorativo em azul, amarelo, verde e mangan\u00eas. Com a ilustra\u00e7\u00e3o de uma composi\u00e7\u00e3o sim\u00e9trica com vaso central florido, motivos vegetalistas e moldura ornamentada em corda.<\/p>\n","protected":false},"featured_media":15482,"template":"","meta":{"_acf_changed":false},"product_brand":[],"product_cat":[33,41,35,34,48],"product_tag":[38],"class_list":{"0":"post-15894","1":"product","2":"type-product","3":"status-publish","4":"has-post-thumbnail","6":"product_cat-azul-e-branco","7":"product_cat-41","8":"product_cat-amarelos","9":"product_cat-manganes","10":"product_cat-xix","11":"product_tag-paineis-figurativos","13":"first","14":"instock","15":"shipping-taxable","16":"product-type-simple"},"acf":[],"_links":{"self":[{"href":"https:\/\/doreytiles.pt\/pt-pt\/wp-json\/wp\/v2\/product\/15894","targetHints":{"allow":["GET"]}}],"collection":[{"href":"https:\/\/doreytiles.pt\/pt-pt\/wp-json\/wp\/v2\/product"}],"about":[{"href":"https:\/\/doreytiles.pt\/pt-pt\/wp-json\/wp\/v2\/types\/product"}],"wp:featuredmedia":[{"embeddable":true,"href":"https:\/\/doreytiles.pt\/pt-pt\/wp-json\/wp\/v2\/media\/15482"}],"wp:attachment":[{"href":"https:\/\/doreytiles.pt\/pt-pt\/wp-json\/wp\/v2\/media?parent=15894"}],"wp:term":[{"taxonomy":"product_brand","embeddable":true,"href":"https:\/\/doreytiles.pt\/pt-pt\/wp-json\/wp\/v2\/product_brand?post=15894"},{"taxonomy":"product_cat","embeddable":true,"href":"https:\/\/doreytiles.pt\/pt-pt\/wp-json\/wp\/v2\/product_cat?post=15894"},{"taxonomy":"product_tag","embeddable":true,"href":"https:\/\/doreytiles.pt\/pt-pt\/wp-json\/wp\/v2\/product_tag?post=15894"}],"curies":[{"name":"wp","href":"https:\/\/api.w.org\/{rel}","templated":true}]}}