{"id":15992,"date":"2026-05-08T10:04:39","date_gmt":"2026-05-08T10:04:39","guid":{"rendered":"https:\/\/doreytiles.pt\/?post_type=product&#038;p=15992"},"modified":"2026-05-10T10:35:38","modified_gmt":"2026-05-10T10:35:38","slug":"painel-neoclassico-com-grinaldas-sec-xviii","status":"publish","type":"product","link":"https:\/\/doreytiles.pt\/pt-pt\/product\/painel-neoclassico-com-grinaldas-sec-xviii\/","title":{"rendered":"Painel neocl\u00e1ssico com grinaldas &#8211; s\u00e9c. XVIII"},"content":{"rendered":"<p>Per\u00edodo: s\u00e9c. XVIII<\/p>\n<pre><\/pre>\n<p>Dimens\u00f5es: 112 x 84 cm<\/p>\n<pre><\/pre>\n<p>Painel de azulejos em faian\u00e7a policromada, do s\u00e9culo XVIII, com decora\u00e7\u00e3o sim\u00e9trica neocl\u00e1ssicas composta por grinaldas, motivos florais e elementos vegetalistas.<\/p>\n","protected":false},"excerpt":{"rendered":"<p>Per\u00edodo: s\u00e9c. XVIII Dimens\u00f5es: 112 x 84 cm Painel de azulejos em faian\u00e7a policromada, do s\u00e9culo XVIII, com decora\u00e7\u00e3o sim\u00e9trica neocl\u00e1ssicas composta por grinaldas, motivos florais e elementos vegetalistas.<\/p>\n","protected":false},"featured_media":15460,"template":"","meta":{"_acf_changed":false},"product_brand":[],"product_cat":[33,41,35,34,47],"product_tag":[38],"class_list":{"0":"post-15992","1":"product","2":"type-product","3":"status-publish","4":"has-post-thumbnail","6":"product_cat-azul-e-branco","7":"product_cat-41","8":"product_cat-amarelos","9":"product_cat-manganes","10":"product_cat-xviii","11":"product_tag-paineis-figurativos","13":"first","14":"instock","15":"shipping-taxable","16":"product-type-simple"},"acf":[],"_links":{"self":[{"href":"https:\/\/doreytiles.pt\/pt-pt\/wp-json\/wp\/v2\/product\/15992","targetHints":{"allow":["GET"]}}],"collection":[{"href":"https:\/\/doreytiles.pt\/pt-pt\/wp-json\/wp\/v2\/product"}],"about":[{"href":"https:\/\/doreytiles.pt\/pt-pt\/wp-json\/wp\/v2\/types\/product"}],"wp:featuredmedia":[{"embeddable":true,"href":"https:\/\/doreytiles.pt\/pt-pt\/wp-json\/wp\/v2\/media\/15460"}],"wp:attachment":[{"href":"https:\/\/doreytiles.pt\/pt-pt\/wp-json\/wp\/v2\/media?parent=15992"}],"wp:term":[{"taxonomy":"product_brand","embeddable":true,"href":"https:\/\/doreytiles.pt\/pt-pt\/wp-json\/wp\/v2\/product_brand?post=15992"},{"taxonomy":"product_cat","embeddable":true,"href":"https:\/\/doreytiles.pt\/pt-pt\/wp-json\/wp\/v2\/product_cat?post=15992"},{"taxonomy":"product_tag","embeddable":true,"href":"https:\/\/doreytiles.pt\/pt-pt\/wp-json\/wp\/v2\/product_tag?post=15992"}],"curies":[{"name":"wp","href":"https:\/\/api.w.org\/{rel}","templated":true}]}}