{"id":15993,"date":"2026-05-08T10:12:34","date_gmt":"2026-05-08T10:12:34","guid":{"rendered":"https:\/\/doreytiles.pt\/?post_type=product&#038;p=15993"},"modified":"2026-05-10T10:39:26","modified_gmt":"2026-05-10T10:39:26","slug":"painel-p","status":"publish","type":"product","link":"https:\/\/doreytiles.pt\/pt-pt\/product\/painel-p\/","title":{"rendered":"Painel Patchwork &#8211; s\u00e9c. XVIII"},"content":{"rendered":"<p>Periodo: S\u00e9c. XVIII<\/p>\n<pre><\/pre>\n<p>Dimes\u00f5es: 154 x 168 cm<\/p>\n<pre><\/pre>\n<p>Painel composto por azulejos do s\u00e9culo XVIII, em faian\u00e7a azul e branca, composto por fragmentos de diferentes composi\u00e7\u00f5es, com motivos ornamentais, arquitect\u00f3nicos e vegetalistas num conceito chamado patchwork.<\/p>\n","protected":false},"excerpt":{"rendered":"<p>Periodo: S\u00e9c. XVIII Dimes\u00f5es: 154 x 168 cm Painel composto por azulejos do s\u00e9culo XVIII, em faian\u00e7a azul e branca, composto por fragmentos de diferentes composi\u00e7\u00f5es, com motivos ornamentais, arquitect\u00f3nicos e vegetalistas num conceito chamado patchwork.<\/p>\n","protected":false},"featured_media":15486,"template":"","meta":{"_acf_changed":false},"product_brand":[],"product_cat":[33,41,47],"product_tag":[],"class_list":{"0":"post-15993","1":"product","2":"type-product","3":"status-publish","4":"has-post-thumbnail","6":"product_cat-azul-e-branco","7":"product_cat-41","8":"product_cat-xviii","10":"first","11":"instock","12":"shipping-taxable","13":"product-type-simple"},"acf":[],"_links":{"self":[{"href":"https:\/\/doreytiles.pt\/pt-pt\/wp-json\/wp\/v2\/product\/15993","targetHints":{"allow":["GET"]}}],"collection":[{"href":"https:\/\/doreytiles.pt\/pt-pt\/wp-json\/wp\/v2\/product"}],"about":[{"href":"https:\/\/doreytiles.pt\/pt-pt\/wp-json\/wp\/v2\/types\/product"}],"wp:featuredmedia":[{"embeddable":true,"href":"https:\/\/doreytiles.pt\/pt-pt\/wp-json\/wp\/v2\/media\/15486"}],"wp:attachment":[{"href":"https:\/\/doreytiles.pt\/pt-pt\/wp-json\/wp\/v2\/media?parent=15993"}],"wp:term":[{"taxonomy":"product_brand","embeddable":true,"href":"https:\/\/doreytiles.pt\/pt-pt\/wp-json\/wp\/v2\/product_brand?post=15993"},{"taxonomy":"product_cat","embeddable":true,"href":"https:\/\/doreytiles.pt\/pt-pt\/wp-json\/wp\/v2\/product_cat?post=15993"},{"taxonomy":"product_tag","embeddable":true,"href":"https:\/\/doreytiles.pt\/pt-pt\/wp-json\/wp\/v2\/product_tag?post=15993"}],"curies":[{"name":"wp","href":"https:\/\/api.w.org\/{rel}","templated":true}]}}