{"id":15994,"date":"2026-05-08T10:44:33","date_gmt":"2026-05-08T10:44:33","guid":{"rendered":"https:\/\/doreytiles.pt\/?post_type=product&#038;p=15994"},"modified":"2026-05-10T10:38:27","modified_gmt":"2026-05-10T10:38:27","slug":"painel-patchwork-com-cercadura-sec-xviii","status":"publish","type":"product","link":"https:\/\/doreytiles.pt\/pt-pt\/product\/painel-patchwork-com-cercadura-sec-xviii\/","title":{"rendered":"Painel patchwork com cercadura &#8211; s\u00e9c. XVIII"},"content":{"rendered":"<p>Per\u00edodo: S\u00e9c. XVIII<\/p>\n<pre><\/pre>\n<p>Dimens\u00f5es: 56 x 56 cm<\/p>\n<pre><\/pre>\n<p>Painel composto por azulejos do s\u00e9culo XVIII, em faian\u00e7a azul e branca, composto por fragmentos de diferentes composi\u00e7\u00f5es, com motivos ornamentais e figurativos em montagem patchwork enquadrados em uma cercadura.<\/p>\n","protected":false},"excerpt":{"rendered":"<p>Per\u00edodo: S\u00e9c. XVIII Dimens\u00f5es: 56 x 56 cm Painel composto por azulejos do s\u00e9culo XVIII, em faian\u00e7a azul e branca, composto por fragmentos de diferentes composi\u00e7\u00f5es, com motivos ornamentais e figurativos em montagem patchwork enquadrados em uma cercadura.<\/p>\n","protected":false},"featured_media":15332,"template":"","meta":{"_acf_changed":false},"product_brand":[],"product_cat":[33,41,47],"product_tag":[38],"class_list":{"0":"post-15994","1":"product","2":"type-product","3":"status-publish","4":"has-post-thumbnail","6":"product_cat-azul-e-branco","7":"product_cat-41","8":"product_cat-xviii","9":"product_tag-paineis-figurativos","11":"first","12":"instock","13":"shipping-taxable","14":"product-type-simple"},"acf":[],"_links":{"self":[{"href":"https:\/\/doreytiles.pt\/pt-pt\/wp-json\/wp\/v2\/product\/15994","targetHints":{"allow":["GET"]}}],"collection":[{"href":"https:\/\/doreytiles.pt\/pt-pt\/wp-json\/wp\/v2\/product"}],"about":[{"href":"https:\/\/doreytiles.pt\/pt-pt\/wp-json\/wp\/v2\/types\/product"}],"wp:featuredmedia":[{"embeddable":true,"href":"https:\/\/doreytiles.pt\/pt-pt\/wp-json\/wp\/v2\/media\/15332"}],"wp:attachment":[{"href":"https:\/\/doreytiles.pt\/pt-pt\/wp-json\/wp\/v2\/media?parent=15994"}],"wp:term":[{"taxonomy":"product_brand","embeddable":true,"href":"https:\/\/doreytiles.pt\/pt-pt\/wp-json\/wp\/v2\/product_brand?post=15994"},{"taxonomy":"product_cat","embeddable":true,"href":"https:\/\/doreytiles.pt\/pt-pt\/wp-json\/wp\/v2\/product_cat?post=15994"},{"taxonomy":"product_tag","embeddable":true,"href":"https:\/\/doreytiles.pt\/pt-pt\/wp-json\/wp\/v2\/product_tag?post=15994"}],"curies":[{"name":"wp","href":"https:\/\/api.w.org\/{rel}","templated":true}]}}