{"id":15997,"date":"2026-05-08T10:52:19","date_gmt":"2026-05-08T10:52:19","guid":{"rendered":"https:\/\/doreytiles.pt\/?post_type=product&#038;p=15997"},"modified":"2026-05-10T10:37:08","modified_gmt":"2026-05-10T10:37:08","slug":"frontao-neoclasscio-sec-xviii","status":"publish","type":"product","link":"https:\/\/doreytiles.pt\/pt-pt\/product\/frontao-neoclasscio-sec-xviii\/","title":{"rendered":"Topo Rocaile- s\u00e9c. XVIII"},"content":{"rendered":"<p>Per\u00edodo: s\u00e9c. XVIII<\/p>\n<pre><\/pre>\n<p>Dimens\u00f5es: 84 x 170 cm<\/p>\n<pre><\/pre>\n<p>Topo rocaile recortado em faian\u00e7a policromada, do s\u00e9culo XVIII, com decora\u00e7\u00e3o composta por volutas e elementos concheados.<\/p>\n","protected":false},"excerpt":{"rendered":"<p>Per\u00edodo: s\u00e9c. XVIII Dimens\u00f5es: 84 x 170 cm Topo rocaile recortado em faian\u00e7a policromada, do s\u00e9culo XVIII, com decora\u00e7\u00e3o composta por volutas e elementos concheados.<\/p>\n","protected":false},"featured_media":15420,"template":"","meta":{"_acf_changed":false},"product_brand":[],"product_cat":[33,41,35,34,47],"product_tag":[38],"class_list":{"0":"post-15997","1":"product","2":"type-product","3":"status-publish","4":"has-post-thumbnail","6":"product_cat-azul-e-branco","7":"product_cat-41","8":"product_cat-amarelos","9":"product_cat-manganes","10":"product_cat-xviii","11":"product_tag-paineis-figurativos","13":"first","14":"instock","15":"shipping-taxable","16":"product-type-simple"},"acf":[],"_links":{"self":[{"href":"https:\/\/doreytiles.pt\/pt-pt\/wp-json\/wp\/v2\/product\/15997","targetHints":{"allow":["GET"]}}],"collection":[{"href":"https:\/\/doreytiles.pt\/pt-pt\/wp-json\/wp\/v2\/product"}],"about":[{"href":"https:\/\/doreytiles.pt\/pt-pt\/wp-json\/wp\/v2\/types\/product"}],"wp:featuredmedia":[{"embeddable":true,"href":"https:\/\/doreytiles.pt\/pt-pt\/wp-json\/wp\/v2\/media\/15420"}],"wp:attachment":[{"href":"https:\/\/doreytiles.pt\/pt-pt\/wp-json\/wp\/v2\/media?parent=15997"}],"wp:term":[{"taxonomy":"product_brand","embeddable":true,"href":"https:\/\/doreytiles.pt\/pt-pt\/wp-json\/wp\/v2\/product_brand?post=15997"},{"taxonomy":"product_cat","embeddable":true,"href":"https:\/\/doreytiles.pt\/pt-pt\/wp-json\/wp\/v2\/product_cat?post=15997"},{"taxonomy":"product_tag","embeddable":true,"href":"https:\/\/doreytiles.pt\/pt-pt\/wp-json\/wp\/v2\/product_tag?post=15997"}],"curies":[{"name":"wp","href":"https:\/\/api.w.org\/{rel}","templated":true}]}}