{"id":1878,"date":"2025-06-09T09:45:32","date_gmt":"2025-06-09T09:45:32","guid":{"rendered":"https:\/\/doreytiles.pt\/?post_type=product&#038;p=1878"},"modified":"2025-07-02T14:42:22","modified_gmt":"2025-07-02T14:42:22","slug":"bacalhoa-de-bordalo-pinheiro","status":"publish","type":"product","link":"https:\/\/doreytiles.pt\/pt-pt\/product\/bacalhoa-de-bordalo-pinheiro\/","title":{"rendered":"Azulejos Padr\u00e3o Bacalhoa, Bordalo Pinheiro"},"content":{"rendered":"<p>\u00c9poca: Final S\u00e9c. XIX in\u00edcio S\u00e9c. XX<\/p>\n<pre><\/pre>\n<p>Dimens\u00f5es: 56 cm x 56 cm ( poder\u00e3o ser feitas composi\u00e7\u00f5es com outras dimens\u00f5es)<\/p>\n<pre><\/pre>\n<p>Azulejos com decora\u00e7\u00e3o relevada constitu\u00edda por elementos fitom\u00f3rficos dispostos radialmente, reproduzindo um padr\u00e3o hispano mourisco sevilhano de tem\u00e1tica renascentista, do segundo quartel do s\u00e9c. XVI.<\/p>\n<pre><\/pre>\n<p>Produzidos na f\u00e1brica de Cer\u00e2mica Caldas da Rainha, Bordalo Pinheiro.<\/p>\n","protected":false},"excerpt":{"rendered":"<p>\u00c9poca: Final S\u00e9c. XIX in\u00edcio S\u00e9c. XX Dimens\u00f5es: 56 cm x 56 cm ( poder\u00e3o ser feitas composi\u00e7\u00f5es com outras dimens\u00f5es) Azulejos com decora\u00e7\u00e3o relevada constitu\u00edda por elementos fitom\u00f3rficos dispostos radialmente, reproduzindo um padr\u00e3o hispano mourisco sevilhano de tem\u00e1tica renascentista, do segundo quartel do s\u00e9c. XVI. Produzidos na f\u00e1brica de Cer\u00e2mica Caldas da Rainha, Bordalo [&hellip;]<\/p>\n","protected":false},"featured_media":3425,"template":"","meta":{"_acf_changed":false},"product_brand":[],"product_cat":[45,33,34,17,50],"product_tag":[57,58],"class_list":{"0":"post-1878","1":"product","2":"type-product","3":"status-publish","4":"has-post-thumbnail","6":"product_cat-45","7":"product_cat-azul-e-branco","8":"product_cat-manganes","9":"product_cat-uncategorized","10":"product_cat-xx","11":"product_tag-caldas-da-rainha","12":"product_tag-pecas-de-colecao","14":"first","15":"instock","16":"shipping-taxable","17":"product-type-simple"},"acf":[],"_links":{"self":[{"href":"https:\/\/doreytiles.pt\/pt-pt\/wp-json\/wp\/v2\/product\/1878","targetHints":{"allow":["GET"]}}],"collection":[{"href":"https:\/\/doreytiles.pt\/pt-pt\/wp-json\/wp\/v2\/product"}],"about":[{"href":"https:\/\/doreytiles.pt\/pt-pt\/wp-json\/wp\/v2\/types\/product"}],"wp:featuredmedia":[{"embeddable":true,"href":"https:\/\/doreytiles.pt\/pt-pt\/wp-json\/wp\/v2\/media\/3425"}],"wp:attachment":[{"href":"https:\/\/doreytiles.pt\/pt-pt\/wp-json\/wp\/v2\/media?parent=1878"}],"wp:term":[{"taxonomy":"product_brand","embeddable":true,"href":"https:\/\/doreytiles.pt\/pt-pt\/wp-json\/wp\/v2\/product_brand?post=1878"},{"taxonomy":"product_cat","embeddable":true,"href":"https:\/\/doreytiles.pt\/pt-pt\/wp-json\/wp\/v2\/product_cat?post=1878"},{"taxonomy":"product_tag","embeddable":true,"href":"https:\/\/doreytiles.pt\/pt-pt\/wp-json\/wp\/v2\/product_tag?post=1878"}],"curies":[{"name":"wp","href":"https:\/\/api.w.org\/{rel}","templated":true}]}}