{"id":1879,"date":"2025-06-09T10:34:24","date_gmt":"2025-06-09T10:34:24","guid":{"rendered":"https:\/\/doreytiles.pt\/?post_type=product&#038;p=1879"},"modified":"2025-07-02T14:42:22","modified_gmt":"2025-07-02T14:42:22","slug":"painel-de-azulejos-padrao-granada-bordalo-pinheiro","status":"publish","type":"product","link":"https:\/\/doreytiles.pt\/pt-pt\/product\/painel-de-azulejos-padrao-granada-bordalo-pinheiro\/","title":{"rendered":"Painel de azulejos padr\u00e3o &#8220;Granada&#8221;, Bordalo Pinheiro"},"content":{"rendered":"<p>\u00c9poca: Final S\u00e9c. XIX in\u00edcio S\u00e9c. XX<\/p>\n<pre><\/pre>\n<p>Dimens\u00f5es: 56 cm x 56 cm ( poder\u00e3o ser feitas composi\u00e7\u00f5es com outras dimens\u00f5es)<\/p>\n<pre><\/pre>\n<p>Azulejos em t\u00e9cnica de corda seca, em painel que reproduz um padr\u00e3o hispano mourisco, do final do s\u00e9c XV.<\/p>\n<pre><\/pre>\n<p>Este padr\u00e3o de azulejos foram usados nos muro exteriores do pavilh\u00e3o de vendas da F\u00e1brica das Caldas da Rainha, na decora\u00e7\u00e3o da sala de entrada do Pavilh\u00e3o de Portugal, na Exposi\u00e7\u00e3o Universal de Paris de 1889.<\/p>\n","protected":false},"excerpt":{"rendered":"<p>\u00c9poca: Final S\u00e9c. XIX in\u00edcio S\u00e9c. XX Dimens\u00f5es: 56 cm x 56 cm ( poder\u00e3o ser feitas composi\u00e7\u00f5es com outras dimens\u00f5es) Azulejos em t\u00e9cnica de corda seca, em painel que reproduz um padr\u00e3o hispano mourisco, do final do s\u00e9c XV. Este padr\u00e3o de azulejos foram usados nos muro exteriores do pavilh\u00e3o de vendas da F\u00e1brica [&hellip;]<\/p>\n","protected":false},"featured_media":3423,"template":"","meta":{"_acf_changed":false},"product_brand":[],"product_cat":[45,33,34,50],"product_tag":[57,58],"class_list":{"0":"post-1879","1":"product","2":"type-product","3":"status-publish","4":"has-post-thumbnail","6":"product_cat-45","7":"product_cat-azul-e-branco","8":"product_cat-manganes","9":"product_cat-xx","10":"product_tag-caldas-da-rainha","11":"product_tag-pecas-de-colecao","13":"first","14":"instock","15":"shipping-taxable","16":"product-type-simple"},"acf":[],"_links":{"self":[{"href":"https:\/\/doreytiles.pt\/pt-pt\/wp-json\/wp\/v2\/product\/1879","targetHints":{"allow":["GET"]}}],"collection":[{"href":"https:\/\/doreytiles.pt\/pt-pt\/wp-json\/wp\/v2\/product"}],"about":[{"href":"https:\/\/doreytiles.pt\/pt-pt\/wp-json\/wp\/v2\/types\/product"}],"wp:featuredmedia":[{"embeddable":true,"href":"https:\/\/doreytiles.pt\/pt-pt\/wp-json\/wp\/v2\/media\/3423"}],"wp:attachment":[{"href":"https:\/\/doreytiles.pt\/pt-pt\/wp-json\/wp\/v2\/media?parent=1879"}],"wp:term":[{"taxonomy":"product_brand","embeddable":true,"href":"https:\/\/doreytiles.pt\/pt-pt\/wp-json\/wp\/v2\/product_brand?post=1879"},{"taxonomy":"product_cat","embeddable":true,"href":"https:\/\/doreytiles.pt\/pt-pt\/wp-json\/wp\/v2\/product_cat?post=1879"},{"taxonomy":"product_tag","embeddable":true,"href":"https:\/\/doreytiles.pt\/pt-pt\/wp-json\/wp\/v2\/product_tag?post=1879"}],"curies":[{"name":"wp","href":"https:\/\/api.w.org\/{rel}","templated":true}]}}