{"id":2372,"date":"2025-06-09T11:14:10","date_gmt":"2025-06-09T11:14:10","guid":{"rendered":"https:\/\/doreytiles.pt\/?post_type=product&#038;p=2372"},"modified":"2025-07-02T14:42:22","modified_gmt":"2025-07-02T14:42:22","slug":"quadra-hispano-mourisca","status":"publish","type":"product","link":"https:\/\/doreytiles.pt\/pt-pt\/product\/quadra-hispano-mourisca\/","title":{"rendered":"Quadra Hispano-Mourisca, padr\u00e3o &#8220;aresta&#8221; (6)"},"content":{"rendered":"<p>\u00c9poca: S\u00e9c. XV\/XVI<\/p>\n<pre><\/pre>\n<p>Dimens\u00f5es: 28 x 28 cm<\/p>\n<pre><\/pre>\n<p>Esta quadra hispano mourisca \u00e9 composta por azulejos que formam um motivo geom\u00e9trico vegetalista em tons de azul, verde, castanho e amarelo. Os elementos decorativos remetem aos arabescos e \u00e0 est\u00e9tica da arte isl\u00e2mica, muito presente na Pen\u00ednsula Ib\u00e9rica.<\/p>\n<pre><\/pre>\n<p>Dispon\u00edvel para criar diversos tamanhos de composi\u00e7\u00e3o.<\/p>\n","protected":false},"excerpt":{"rendered":"<p>\u00c9poca: S\u00e9c. XV\/XVI Dimens\u00f5es: 28 x 28 cm Esta quadra hispano mourisca \u00e9 composta por azulejos que formam um motivo geom\u00e9trico vegetalista em tons de azul, verde, castanho e amarelo. Os elementos decorativos remetem aos arabescos e \u00e0 est\u00e9tica da arte isl\u00e2mica, muito presente na Pen\u00ednsula Ib\u00e9rica. Dispon\u00edvel para criar diversos tamanhos de composi\u00e7\u00e3o.<\/p>\n","protected":false},"featured_media":3421,"template":"","meta":{"_acf_changed":false},"product_brand":[],"product_cat":[44,33,34,17,49],"product_tag":[56,58],"class_list":{"0":"post-2372","1":"product","2":"type-product","3":"status-publish","4":"has-post-thumbnail","6":"product_cat-44","7":"product_cat-azul-e-branco","8":"product_cat-manganes","9":"product_cat-uncategorized","10":"product_cat-xvi","11":"product_tag-hispano-mourisco","12":"product_tag-pecas-de-colecao","14":"first","15":"instock","16":"shipping-taxable","17":"product-type-simple"},"acf":[],"_links":{"self":[{"href":"https:\/\/doreytiles.pt\/pt-pt\/wp-json\/wp\/v2\/product\/2372","targetHints":{"allow":["GET"]}}],"collection":[{"href":"https:\/\/doreytiles.pt\/pt-pt\/wp-json\/wp\/v2\/product"}],"about":[{"href":"https:\/\/doreytiles.pt\/pt-pt\/wp-json\/wp\/v2\/types\/product"}],"wp:featuredmedia":[{"embeddable":true,"href":"https:\/\/doreytiles.pt\/pt-pt\/wp-json\/wp\/v2\/media\/3421"}],"wp:attachment":[{"href":"https:\/\/doreytiles.pt\/pt-pt\/wp-json\/wp\/v2\/media?parent=2372"}],"wp:term":[{"taxonomy":"product_brand","embeddable":true,"href":"https:\/\/doreytiles.pt\/pt-pt\/wp-json\/wp\/v2\/product_brand?post=2372"},{"taxonomy":"product_cat","embeddable":true,"href":"https:\/\/doreytiles.pt\/pt-pt\/wp-json\/wp\/v2\/product_cat?post=2372"},{"taxonomy":"product_tag","embeddable":true,"href":"https:\/\/doreytiles.pt\/pt-pt\/wp-json\/wp\/v2\/product_tag?post=2372"}],"curies":[{"name":"wp","href":"https:\/\/api.w.org\/{rel}","templated":true}]}}