{"id":2373,"date":"2025-06-09T11:18:51","date_gmt":"2025-06-09T11:18:51","guid":{"rendered":"https:\/\/doreytiles.pt\/?post_type=product&#038;p=2373"},"modified":"2025-07-03T15:23:30","modified_gmt":"2025-07-03T15:23:30","slug":"composicao-azulejar_padrao-marvila","status":"publish","type":"product","link":"https:\/\/doreytiles.pt\/pt-pt\/product\/composicao-azulejar_padrao-marvila\/","title":{"rendered":"Composi\u00e7\u00e3o Azulejar_Padr\u00e3o Marvila"},"content":{"rendered":"<article class=\"text-token-text-primary w-full\" dir=\"auto\" data-testid=\"conversation-turn-244\" data-scroll-anchor=\"true\">\n<div class=\"text-base my-auto mx-auto py-5 [--thread-content-margin:--spacing(4)] @[37rem]:[--thread-content-margin:--spacing(6)] @[72rem]:[--thread-content-margin:--spacing(16)] px-(--thread-content-margin)\">\n<div class=\"[--thread-content-max-width:32rem] @[34rem]:[--thread-content-max-width:40rem] @[64rem]:[--thread-content-max-width:48rem] mx-auto flex max-w-(--thread-content-max-width) flex-1 text-base gap-4 md:gap-5 lg:gap-6 group\/turn-messages focus-visible:outline-hidden\" tabindex=\"-1\">\n<div class=\"group\/conversation-turn relative flex w-full min-w-0 flex-col agent-turn\">\n<div class=\"relative flex-col gap-1 md:gap-3\">\n<div class=\"flex max-w-full flex-col grow\">\n<div class=\"min-h-8 text-message relative flex w-full flex-col items-end gap-2 text-start break-words whitespace-normal [.text-message+&amp;]:mt-5\" dir=\"auto\" data-message-author-role=\"assistant\" data-message-id=\"dd9f04b0-66ae-4383-a701-6ce5616044c9\" data-message-model-slug=\"gpt-4-1-mini\">\n<div class=\"flex w-full flex-col gap-1 empty:hidden first:pt-[3px]\">\n<div class=\"markdown prose dark:prose-invert w-full break-words light\">\n<p data-start=\"0\" data-end=\"569\" data-is-last-node=\"\" data-is-only-node=\"\">Per\u00edodo: S\u00e9c. XVII<\/p>\n<\/div>\n<\/div>\n<\/div>\n<pre data-start=\"0\" data-end=\"569\"><\/pre>\n<\/div>\n<div class=\"flex max-w-full flex-col grow\">\n<div class=\"min-h-8 text-message relative flex w-full flex-col items-end gap-2 text-start break-words whitespace-normal [.text-message+&amp;]:mt-5\" dir=\"auto\" data-message-author-role=\"assistant\" data-message-id=\"dd9f04b0-66ae-4383-a701-6ce5616044c9\" data-message-model-slug=\"gpt-4-1-mini\">\n<div class=\"flex w-full flex-col gap-1 empty:hidden first:pt-[3px]\">\n<div class=\"markdown prose dark:prose-invert w-full break-words light\">\n<p data-start=\"0\" data-end=\"569\" data-is-last-node=\"\" data-is-only-node=\"\">Dimens\u00f5es: 84 x 84 cm<\/p>\n<pre data-start=\"0\" data-end=\"569\"><\/pre>\n<p data-start=\"0\" data-end=\"569\" data-is-last-node=\"\" data-is-only-node=\"\">Este painel de azulejos do s\u00e9culo XVII apresenta o padr\u00e3o Marvila, caracterizado por uma composi\u00e7\u00e3o geom\u00e9trica rica e detalhada, em tons de azul, amarelo e branco. O desenho destaca-se pela simetria e pelo uso de motivos ornamentais florais que se entrela\u00e7am. A combina\u00e7\u00e3o das cores vibrantes e o equil\u00edbrio na disposi\u00e7\u00e3o dos elementos conferem ao painel uma eleg\u00e2ncia cl\u00e1ssica e uma expressividade visual marcante, t\u00edpica dos azulejos decorativos da \u00e9poca.<\/p>\n<\/div>\n<\/div>\n<\/div>\n<\/div>\n<\/div>\n<\/div>\n<\/div>\n<\/div>\n<\/article>\n","protected":false},"excerpt":{"rendered":"<p>Per\u00edodo: S\u00e9c. XVII Dimens\u00f5es: 84 x 84 cm Este painel de azulejos do s\u00e9culo XVII apresenta o padr\u00e3o Marvila, caracterizado por uma composi\u00e7\u00e3o geom\u00e9trica rica e detalhada, em tons de azul, amarelo e branco. O desenho destaca-se pela simetria e pelo uso de motivos ornamentais florais que se entrela\u00e7am. A combina\u00e7\u00e3o das cores vibrantes e [&hellip;]<\/p>\n","protected":false},"featured_media":3419,"template":"","meta":{"_acf_changed":false},"product_brand":[],"product_cat":[41,33,17,46],"product_tag":[37,58],"class_list":{"0":"post-2373","1":"product","2":"type-product","3":"status-publish","4":"has-post-thumbnail","6":"product_cat-41","7":"product_cat-azul-e-branco","8":"product_cat-uncategorized","9":"product_cat-xvii","10":"product_tag-azulejo-padrao","11":"product_tag-pecas-de-colecao","13":"first","14":"instock","15":"shipping-taxable","16":"product-type-simple"},"acf":[],"_links":{"self":[{"href":"https:\/\/doreytiles.pt\/pt-pt\/wp-json\/wp\/v2\/product\/2373","targetHints":{"allow":["GET"]}}],"collection":[{"href":"https:\/\/doreytiles.pt\/pt-pt\/wp-json\/wp\/v2\/product"}],"about":[{"href":"https:\/\/doreytiles.pt\/pt-pt\/wp-json\/wp\/v2\/types\/product"}],"wp:featuredmedia":[{"embeddable":true,"href":"https:\/\/doreytiles.pt\/pt-pt\/wp-json\/wp\/v2\/media\/3419"}],"wp:attachment":[{"href":"https:\/\/doreytiles.pt\/pt-pt\/wp-json\/wp\/v2\/media?parent=2373"}],"wp:term":[{"taxonomy":"product_brand","embeddable":true,"href":"https:\/\/doreytiles.pt\/pt-pt\/wp-json\/wp\/v2\/product_brand?post=2373"},{"taxonomy":"product_cat","embeddable":true,"href":"https:\/\/doreytiles.pt\/pt-pt\/wp-json\/wp\/v2\/product_cat?post=2373"},{"taxonomy":"product_tag","embeddable":true,"href":"https:\/\/doreytiles.pt\/pt-pt\/wp-json\/wp\/v2\/product_tag?post=2373"}],"curies":[{"name":"wp","href":"https:\/\/api.w.org\/{rel}","templated":true}]}}