{"id":2374,"date":"2025-06-09T11:24:00","date_gmt":"2025-06-09T11:24:00","guid":{"rendered":"https:\/\/doreytiles.pt\/?post_type=product&#038;p=2374"},"modified":"2025-07-03T09:46:08","modified_gmt":"2025-07-03T09:46:08","slug":"vasos-viuva-lamego-entrancados","status":"publish","type":"product","link":"https:\/\/doreytiles.pt\/pt-pt\/product\/vasos-viuva-lamego-entrancados\/","title":{"rendered":"Vasos Vi\u00fava Lamego Entran\u00e7ados"},"content":{"rendered":"<p>\u00c9poca: S\u00e9c. XIX<\/p>\n<pre><\/pre>\n<p>Um cl\u00e1ssico da cer\u00e2mica da Vi\u00fava Lamego, os vasos entrela\u00e7ados, originais do principio do s\u00e9c. XX.<\/p>\n<pre><\/pre>\n<p>Dispon\u00edveis em v\u00e1rias cores e tamanhos.<\/p>\n<p>&nbsp;<\/p>\n","protected":false},"excerpt":{"rendered":"<p>\u00c9poca: S\u00e9c. XIX Um cl\u00e1ssico da cer\u00e2mica da Vi\u00fava Lamego, os vasos entrela\u00e7ados, originais do principio do s\u00e9c. XX. Dispon\u00edveis em v\u00e1rias cores e tamanhos. &nbsp;<\/p>\n","protected":false},"featured_media":3416,"template":"","meta":{"_acf_changed":false},"product_brand":[],"product_cat":[42,35,33,34,17,50],"product_tag":[59],"class_list":{"0":"post-2374","1":"product","2":"type-product","3":"status-publish","4":"has-post-thumbnail","6":"product_cat-42","7":"product_cat-amarelos","8":"product_cat-azul-e-branco","9":"product_cat-manganes","10":"product_cat-uncategorized","11":"product_cat-xx","12":"product_tag-faianca","14":"first","15":"instock","16":"shipping-taxable","17":"product-type-simple"},"acf":[],"_links":{"self":[{"href":"https:\/\/doreytiles.pt\/pt-pt\/wp-json\/wp\/v2\/product\/2374","targetHints":{"allow":["GET"]}}],"collection":[{"href":"https:\/\/doreytiles.pt\/pt-pt\/wp-json\/wp\/v2\/product"}],"about":[{"href":"https:\/\/doreytiles.pt\/pt-pt\/wp-json\/wp\/v2\/types\/product"}],"wp:featuredmedia":[{"embeddable":true,"href":"https:\/\/doreytiles.pt\/pt-pt\/wp-json\/wp\/v2\/media\/3416"}],"wp:attachment":[{"href":"https:\/\/doreytiles.pt\/pt-pt\/wp-json\/wp\/v2\/media?parent=2374"}],"wp:term":[{"taxonomy":"product_brand","embeddable":true,"href":"https:\/\/doreytiles.pt\/pt-pt\/wp-json\/wp\/v2\/product_brand?post=2374"},{"taxonomy":"product_cat","embeddable":true,"href":"https:\/\/doreytiles.pt\/pt-pt\/wp-json\/wp\/v2\/product_cat?post=2374"},{"taxonomy":"product_tag","embeddable":true,"href":"https:\/\/doreytiles.pt\/pt-pt\/wp-json\/wp\/v2\/product_tag?post=2374"}],"curies":[{"name":"wp","href":"https:\/\/api.w.org\/{rel}","templated":true}]}}