{"id":2375,"date":"2025-06-09T11:31:39","date_gmt":"2025-06-09T11:31:39","guid":{"rendered":"https:\/\/doreytiles.pt\/?post_type=product&#038;p=2375"},"modified":"2025-07-02T14:42:21","modified_gmt":"2025-07-02T14:42:21","slug":"figuras-avulsa_representacoes-humanas","status":"publish","type":"product","link":"https:\/\/doreytiles.pt\/pt-pt\/product\/figuras-avulsa_representacoes-humanas\/","title":{"rendered":"Composi\u00e7\u00f5es Azulejares Geom\u00e9tricas"},"content":{"rendered":"<p>Um cl\u00e1ssico da azulejaria portuguesa do s\u00e9c. XVIII.<\/p>\n<p>&nbsp;<\/p>\n","protected":false},"excerpt":{"rendered":"<p>Um cl\u00e1ssico da azulejaria portuguesa do s\u00e9c. XVIII. &nbsp;<\/p>\n","protected":false},"featured_media":3414,"template":"","meta":{"_acf_changed":false},"product_brand":[],"product_cat":[44,35,33,17,46],"product_tag":[37],"class_list":{"0":"post-2375","1":"product","2":"type-product","3":"status-publish","4":"has-post-thumbnail","6":"product_cat-44","7":"product_cat-amarelos","8":"product_cat-azul-e-branco","9":"product_cat-uncategorized","10":"product_cat-xvii","11":"product_tag-azulejo-padrao","13":"first","14":"instock","15":"shipping-taxable","16":"product-type-simple"},"acf":[],"_links":{"self":[{"href":"https:\/\/doreytiles.pt\/pt-pt\/wp-json\/wp\/v2\/product\/2375","targetHints":{"allow":["GET"]}}],"collection":[{"href":"https:\/\/doreytiles.pt\/pt-pt\/wp-json\/wp\/v2\/product"}],"about":[{"href":"https:\/\/doreytiles.pt\/pt-pt\/wp-json\/wp\/v2\/types\/product"}],"wp:featuredmedia":[{"embeddable":true,"href":"https:\/\/doreytiles.pt\/pt-pt\/wp-json\/wp\/v2\/media\/3414"}],"wp:attachment":[{"href":"https:\/\/doreytiles.pt\/pt-pt\/wp-json\/wp\/v2\/media?parent=2375"}],"wp:term":[{"taxonomy":"product_brand","embeddable":true,"href":"https:\/\/doreytiles.pt\/pt-pt\/wp-json\/wp\/v2\/product_brand?post=2375"},{"taxonomy":"product_cat","embeddable":true,"href":"https:\/\/doreytiles.pt\/pt-pt\/wp-json\/wp\/v2\/product_cat?post=2375"},{"taxonomy":"product_tag","embeddable":true,"href":"https:\/\/doreytiles.pt\/pt-pt\/wp-json\/wp\/v2\/product_tag?post=2375"}],"curies":[{"name":"wp","href":"https:\/\/api.w.org\/{rel}","templated":true}]}}