{"id":2382,"date":"2025-06-09T12:05:27","date_gmt":"2025-06-09T12:05:27","guid":{"rendered":"https:\/\/doreytiles.pt\/?post_type=product&#038;p=2382"},"modified":"2025-07-03T12:03:11","modified_gmt":"2025-07-03T12:03:11","slug":"composicao-hispano-mourisca","status":"publish","type":"product","link":"https:\/\/doreytiles.pt\/pt-pt\/product\/composicao-hispano-mourisca\/","title":{"rendered":"Composi\u00e7\u00e3o Hispano Mourisca, S\u00e9c. XVI (1)"},"content":{"rendered":"<p>\u00c9poca: S\u00e9c. XV \/ XVI<\/p>\n<pre><\/pre>\n<p>Dimens\u00f5es: 84 cm x 74 cm<\/p>\n<pre><\/pre>\n<p>Composi\u00e7\u00e3o hispano mourisca, s\u00e9c. XV \/ XVI, policromada, com motivos vegetalistas em tons caracter\u00edsticos do per\u00edodo: azul, verde, mangan\u00eas e ocre.\u00a0 Uma cercadura da \u00e9poca complementa a composi\u00e7\u00e3o central.<\/p>\n","protected":false},"excerpt":{"rendered":"<p>\u00c9poca: S\u00e9c. XV \/ XVI Dimens\u00f5es: 84 cm x 74 cm Composi\u00e7\u00e3o hispano mourisca, s\u00e9c. XV \/ XVI, policromada, com motivos vegetalistas em tons caracter\u00edsticos do per\u00edodo: azul, verde, mangan\u00eas e ocre.\u00a0 Uma cercadura da \u00e9poca complementa a composi\u00e7\u00e3o central.<\/p>\n","protected":false},"featured_media":3404,"template":"","meta":{"_acf_changed":false},"product_brand":[],"product_cat":[44,33,34,49],"product_tag":[56],"class_list":{"0":"post-2382","1":"product","2":"type-product","3":"status-publish","4":"has-post-thumbnail","6":"product_cat-44","7":"product_cat-azul-e-branco","8":"product_cat-manganes","9":"product_cat-xvi","10":"product_tag-hispano-mourisco","12":"first","13":"instock","14":"shipping-taxable","15":"product-type-simple"},"acf":[],"_links":{"self":[{"href":"https:\/\/doreytiles.pt\/pt-pt\/wp-json\/wp\/v2\/product\/2382","targetHints":{"allow":["GET"]}}],"collection":[{"href":"https:\/\/doreytiles.pt\/pt-pt\/wp-json\/wp\/v2\/product"}],"about":[{"href":"https:\/\/doreytiles.pt\/pt-pt\/wp-json\/wp\/v2\/types\/product"}],"wp:featuredmedia":[{"embeddable":true,"href":"https:\/\/doreytiles.pt\/pt-pt\/wp-json\/wp\/v2\/media\/3404"}],"wp:attachment":[{"href":"https:\/\/doreytiles.pt\/pt-pt\/wp-json\/wp\/v2\/media?parent=2382"}],"wp:term":[{"taxonomy":"product_brand","embeddable":true,"href":"https:\/\/doreytiles.pt\/pt-pt\/wp-json\/wp\/v2\/product_brand?post=2382"},{"taxonomy":"product_cat","embeddable":true,"href":"https:\/\/doreytiles.pt\/pt-pt\/wp-json\/wp\/v2\/product_cat?post=2382"},{"taxonomy":"product_tag","embeddable":true,"href":"https:\/\/doreytiles.pt\/pt-pt\/wp-json\/wp\/v2\/product_tag?post=2382"}],"curies":[{"name":"wp","href":"https:\/\/api.w.org\/{rel}","templated":true}]}}