{"id":2386,"date":"2025-06-09T13:38:48","date_gmt":"2025-06-09T13:38:48","guid":{"rendered":"https:\/\/doreytiles.pt\/?post_type=product&#038;p=2386"},"modified":"2025-07-03T11:54:36","modified_gmt":"2025-07-03T11:54:36","slug":"figuras-avulsa_flores","status":"publish","type":"product","link":"https:\/\/doreytiles.pt\/pt-pt\/product\/figuras-avulsa_flores\/","title":{"rendered":"Figuras Avulsa_Flores"},"content":{"rendered":"<p>\u00c9poca: S\u00e9c. XVII &#8211; In\u00edcio S\u00e9c. XVIII<\/p>\n<pre><\/pre>\n<p>Dimens\u00f5es: 14 X 14 cm<\/p>\n<pre><\/pre>\n<p>A produ\u00e7\u00e3o dos azulejos de figura avulsa, tornou-se mais diversificada no in\u00edcio do s\u00e9culo XVIII tanto ao n\u00edvel do desenho dos motivos centrais, como da composi\u00e7\u00e3o dos cantos. Entre os motivos mais comuns encontram-se as flores e os animais. Usados sobretudo para decora\u00e7\u00e3o mural, estes azulejos eram\u00a0 feitos por aprendizes, da\u00ed a sua relativa ingenuidade.<\/p>\n<pre><\/pre>\n<p>V\u00e1rios exemplares dispon\u00edveis<\/p>\n","protected":false},"excerpt":{"rendered":"<p>\u00c9poca: S\u00e9c. XVII &#8211; In\u00edcio S\u00e9c. XVIII Dimens\u00f5es: 14 X 14 cm A produ\u00e7\u00e3o dos azulejos de figura avulsa, tornou-se mais diversificada no in\u00edcio do s\u00e9culo XVIII tanto ao n\u00edvel do desenho dos motivos centrais, como da composi\u00e7\u00e3o dos cantos. Entre os motivos mais comuns encontram-se as flores e os animais. Usados sobretudo para decora\u00e7\u00e3o [&hellip;]<\/p>\n","protected":false},"featured_media":3402,"template":"","meta":{"_acf_changed":false},"product_brand":[],"product_cat":[41,33,46],"product_tag":[62],"class_list":{"0":"post-2386","1":"product","2":"type-product","3":"status-publish","4":"has-post-thumbnail","6":"product_cat-41","7":"product_cat-azul-e-branco","8":"product_cat-xvii","9":"product_tag-figura_avulsa","11":"first","12":"instock","13":"shipping-taxable","14":"product-type-simple"},"acf":[],"_links":{"self":[{"href":"https:\/\/doreytiles.pt\/pt-pt\/wp-json\/wp\/v2\/product\/2386","targetHints":{"allow":["GET"]}}],"collection":[{"href":"https:\/\/doreytiles.pt\/pt-pt\/wp-json\/wp\/v2\/product"}],"about":[{"href":"https:\/\/doreytiles.pt\/pt-pt\/wp-json\/wp\/v2\/types\/product"}],"wp:featuredmedia":[{"embeddable":true,"href":"https:\/\/doreytiles.pt\/pt-pt\/wp-json\/wp\/v2\/media\/3402"}],"wp:attachment":[{"href":"https:\/\/doreytiles.pt\/pt-pt\/wp-json\/wp\/v2\/media?parent=2386"}],"wp:term":[{"taxonomy":"product_brand","embeddable":true,"href":"https:\/\/doreytiles.pt\/pt-pt\/wp-json\/wp\/v2\/product_brand?post=2386"},{"taxonomy":"product_cat","embeddable":true,"href":"https:\/\/doreytiles.pt\/pt-pt\/wp-json\/wp\/v2\/product_cat?post=2386"},{"taxonomy":"product_tag","embeddable":true,"href":"https:\/\/doreytiles.pt\/pt-pt\/wp-json\/wp\/v2\/product_tag?post=2386"}],"curies":[{"name":"wp","href":"https:\/\/api.w.org\/{rel}","templated":true}]}}