{"id":2388,"date":"2025-06-09T13:42:31","date_gmt":"2025-06-09T13:42:31","guid":{"rendered":"https:\/\/doreytiles.pt\/?post_type=product&#038;p=2388"},"modified":"2025-07-03T11:41:27","modified_gmt":"2025-07-03T11:41:27","slug":"composicao-azulejar_buzios","status":"publish","type":"product","link":"https:\/\/doreytiles.pt\/pt-pt\/product\/composicao-azulejar_buzios\/","title":{"rendered":"Composi\u00e7\u00e3o Azulejar_B\u00fazios"},"content":{"rendered":"<p>\u00c9poca: S\u00e9c XVII<\/p>\n<pre><\/pre>\n<p>Dimens\u00f5es: 112 cm x\u00a0 84 cm<\/p>\n<pre><\/pre>\n<p>Padr\u00e3o denominado de b\u00fazios, \u00e9 um exemplar raro da azulejaria portuguesa de padr\u00e3o desta \u00e9poca.<\/p>\n<p>Identificado como P-398, no livro Azulejaria em Portugal no S\u00e9culo XVII, tomo I, \u00e9 descrito como um padr\u00e3o &#8220;estranho&#8221; que parece n\u00e3o ter tido grande aceita\u00e7\u00e3o na \u00e9poca. A cercadura \u00e9 do mesmo motivo, criando uma composi\u00e7\u00e3o completa<\/p>\n","protected":false},"excerpt":{"rendered":"<p>\u00c9poca: S\u00e9c XVII Dimens\u00f5es: 112 cm x\u00a0 84 cm Padr\u00e3o denominado de b\u00fazios, \u00e9 um exemplar raro da azulejaria portuguesa de padr\u00e3o desta \u00e9poca. Identificado como P-398, no livro Azulejaria em Portugal no S\u00e9culo XVII, tomo I, \u00e9 descrito como um padr\u00e3o &#8220;estranho&#8221; que parece n\u00e3o ter tido grande aceita\u00e7\u00e3o na \u00e9poca. A cercadura \u00e9 [&hellip;]<\/p>\n","protected":false},"featured_media":3400,"template":"","meta":{"_acf_changed":false},"product_brand":[],"product_cat":[45,33,46],"product_tag":[37],"class_list":{"0":"post-2388","1":"product","2":"type-product","3":"status-publish","4":"has-post-thumbnail","6":"product_cat-45","7":"product_cat-azul-e-branco","8":"product_cat-xvii","9":"product_tag-azulejo-padrao","11":"first","12":"instock","13":"shipping-taxable","14":"product-type-simple"},"acf":[],"_links":{"self":[{"href":"https:\/\/doreytiles.pt\/pt-pt\/wp-json\/wp\/v2\/product\/2388","targetHints":{"allow":["GET"]}}],"collection":[{"href":"https:\/\/doreytiles.pt\/pt-pt\/wp-json\/wp\/v2\/product"}],"about":[{"href":"https:\/\/doreytiles.pt\/pt-pt\/wp-json\/wp\/v2\/types\/product"}],"wp:featuredmedia":[{"embeddable":true,"href":"https:\/\/doreytiles.pt\/pt-pt\/wp-json\/wp\/v2\/media\/3400"}],"wp:attachment":[{"href":"https:\/\/doreytiles.pt\/pt-pt\/wp-json\/wp\/v2\/media?parent=2388"}],"wp:term":[{"taxonomy":"product_brand","embeddable":true,"href":"https:\/\/doreytiles.pt\/pt-pt\/wp-json\/wp\/v2\/product_brand?post=2388"},{"taxonomy":"product_cat","embeddable":true,"href":"https:\/\/doreytiles.pt\/pt-pt\/wp-json\/wp\/v2\/product_cat?post=2388"},{"taxonomy":"product_tag","embeddable":true,"href":"https:\/\/doreytiles.pt\/pt-pt\/wp-json\/wp\/v2\/product_tag?post=2388"}],"curies":[{"name":"wp","href":"https:\/\/api.w.org\/{rel}","templated":true}]}}