{"id":2389,"date":"2025-06-09T13:49:13","date_gmt":"2025-06-09T13:49:13","guid":{"rendered":"https:\/\/doreytiles.pt\/?post_type=product&#038;p=2389"},"modified":"2025-07-03T11:19:01","modified_gmt":"2025-07-03T11:19:01","slug":"albarrada-manganes","status":"publish","type":"product","link":"https:\/\/doreytiles.pt\/pt-pt\/product\/albarrada-manganes\/","title":{"rendered":"Albarrada Mangan\u00eas"},"content":{"rendered":"<p>\u00c9poca: S\u00e9c. XVIII<\/p>\n<pre><\/pre>\n<p>Dimens\u00f5es:\u00a0 84 cm x 70 cm<\/p>\n<pre><\/pre>\n<p>Painel de azulejos, datado do s\u00e9culo XVIII, composto por uma composi\u00e7\u00e3o central, uma Albarrada em cor mangan\u00eas (vaso florido), inserida numa cercadura com decora\u00e7\u00e3o vegetalista da mesma cor.<\/p>\n","protected":false},"excerpt":{"rendered":"<p>\u00c9poca: S\u00e9c. XVIII Dimens\u00f5es:\u00a0 84 cm x 70 cm Painel de azulejos, datado do s\u00e9culo XVIII, composto por uma composi\u00e7\u00e3o central, uma Albarrada em cor mangan\u00eas (vaso florido), inserida numa cercadura com decora\u00e7\u00e3o vegetalista da mesma cor.<\/p>\n","protected":false},"featured_media":3398,"template":"","meta":{"_acf_changed":false},"product_brand":[],"product_cat":[41,34,47],"product_tag":[53],"class_list":{"0":"post-2389","1":"product","2":"type-product","3":"status-publish","4":"has-post-thumbnail","6":"product_cat-41","7":"product_cat-manganes","8":"product_cat-xviii","9":"product_tag-albarradas","11":"first","12":"instock","13":"shipping-taxable","14":"product-type-simple"},"acf":[],"_links":{"self":[{"href":"https:\/\/doreytiles.pt\/pt-pt\/wp-json\/wp\/v2\/product\/2389","targetHints":{"allow":["GET"]}}],"collection":[{"href":"https:\/\/doreytiles.pt\/pt-pt\/wp-json\/wp\/v2\/product"}],"about":[{"href":"https:\/\/doreytiles.pt\/pt-pt\/wp-json\/wp\/v2\/types\/product"}],"wp:featuredmedia":[{"embeddable":true,"href":"https:\/\/doreytiles.pt\/pt-pt\/wp-json\/wp\/v2\/media\/3398"}],"wp:attachment":[{"href":"https:\/\/doreytiles.pt\/pt-pt\/wp-json\/wp\/v2\/media?parent=2389"}],"wp:term":[{"taxonomy":"product_brand","embeddable":true,"href":"https:\/\/doreytiles.pt\/pt-pt\/wp-json\/wp\/v2\/product_brand?post=2389"},{"taxonomy":"product_cat","embeddable":true,"href":"https:\/\/doreytiles.pt\/pt-pt\/wp-json\/wp\/v2\/product_cat?post=2389"},{"taxonomy":"product_tag","embeddable":true,"href":"https:\/\/doreytiles.pt\/pt-pt\/wp-json\/wp\/v2\/product_tag?post=2389"}],"curies":[{"name":"wp","href":"https:\/\/api.w.org\/{rel}","templated":true}]}}