{"id":2391,"date":"2025-06-09T13:55:40","date_gmt":"2025-06-09T13:55:40","guid":{"rendered":"https:\/\/doreytiles.pt\/?post_type=product&#038;p=2391"},"modified":"2025-07-03T11:13:27","modified_gmt":"2025-07-03T11:13:27","slug":"padrao-geometrico","status":"publish","type":"product","link":"https:\/\/doreytiles.pt\/pt-pt\/product\/padrao-geometrico\/","title":{"rendered":"Padr\u00e3o tipo &#8220;tapete&#8221;, S\u00e9c. XVII"},"content":{"rendered":"<p>\u00c9poca: S\u00e9c. XVII<\/p>\n<pre><\/pre>\n<p>Dimens\u00f5es: 84 cm x 84 cm<\/p>\n<pre><\/pre>\n<p>Painel de azulejos de padr\u00e3o tipo &#8220;tapete&#8221;, policromado, datado do s\u00e9culo XVII. Composi\u00e7\u00e3o em repeti\u00e7\u00e3o de motivos sim\u00e9tricos vegetalistas, em tons dominantes de azul, amarelo\u00a0 sobre fundo branco. Este tipo de padr\u00e3o, poder\u00e1 ser encontrado tamb\u00e9m com tons de verde.<\/p>\n<p>Dispon\u00edvel para criar composi\u00e7\u00f5es de diferentes tamanhos.<\/p>\n<p>&nbsp;<\/p>\n","protected":false},"excerpt":{"rendered":"<p>\u00c9poca: S\u00e9c. XVII Dimens\u00f5es: 84 cm x 84 cm Painel de azulejos de padr\u00e3o tipo &#8220;tapete&#8221;, policromado, datado do s\u00e9culo XVII. Composi\u00e7\u00e3o em repeti\u00e7\u00e3o de motivos sim\u00e9tricos vegetalistas, em tons dominantes de azul, amarelo\u00a0 sobre fundo branco. Este tipo de padr\u00e3o, poder\u00e1 ser encontrado tamb\u00e9m com tons de verde. Dispon\u00edvel para criar composi\u00e7\u00f5es de diferentes [&hellip;]<\/p>\n","protected":false},"featured_media":3396,"template":"","meta":{"_acf_changed":false},"product_brand":[],"product_cat":[41,35,46],"product_tag":[37],"class_list":{"0":"post-2391","1":"product","2":"type-product","3":"status-publish","4":"has-post-thumbnail","6":"product_cat-41","7":"product_cat-amarelos","8":"product_cat-xvii","9":"product_tag-azulejo-padrao","11":"first","12":"instock","13":"shipping-taxable","14":"product-type-simple"},"acf":[],"_links":{"self":[{"href":"https:\/\/doreytiles.pt\/pt-pt\/wp-json\/wp\/v2\/product\/2391","targetHints":{"allow":["GET"]}}],"collection":[{"href":"https:\/\/doreytiles.pt\/pt-pt\/wp-json\/wp\/v2\/product"}],"about":[{"href":"https:\/\/doreytiles.pt\/pt-pt\/wp-json\/wp\/v2\/types\/product"}],"wp:featuredmedia":[{"embeddable":true,"href":"https:\/\/doreytiles.pt\/pt-pt\/wp-json\/wp\/v2\/media\/3396"}],"wp:attachment":[{"href":"https:\/\/doreytiles.pt\/pt-pt\/wp-json\/wp\/v2\/media?parent=2391"}],"wp:term":[{"taxonomy":"product_brand","embeddable":true,"href":"https:\/\/doreytiles.pt\/pt-pt\/wp-json\/wp\/v2\/product_brand?post=2391"},{"taxonomy":"product_cat","embeddable":true,"href":"https:\/\/doreytiles.pt\/pt-pt\/wp-json\/wp\/v2\/product_cat?post=2391"},{"taxonomy":"product_tag","embeddable":true,"href":"https:\/\/doreytiles.pt\/pt-pt\/wp-json\/wp\/v2\/product_tag?post=2391"}],"curies":[{"name":"wp","href":"https:\/\/api.w.org\/{rel}","templated":true}]}}