{"id":2392,"date":"2025-06-09T14:00:10","date_gmt":"2025-06-09T14:00:10","guid":{"rendered":"https:\/\/doreytiles.pt\/?post_type=product&#038;p=2392"},"modified":"2025-07-03T11:07:12","modified_gmt":"2025-07-03T11:07:12","slug":"azulejos-hispano-mouriscos_unitarios","status":"publish","type":"product","link":"https:\/\/doreytiles.pt\/pt-pt\/product\/azulejos-hispano-mouriscos_unitarios\/","title":{"rendered":"Azulejos Hispano Mouriscos_unit\u00e1rios"},"content":{"rendered":"<p>\u00c9poca: S\u00e9c. XV \/ XVI<\/p>\n<pre><\/pre>\n<p>Dimens\u00f5es: 13cm x 13 cm<\/p>\n<pre><\/pre>\n<p>Azulejos hispano mouriscos, de t\u00e9cnica corda seca e de aresta. Contamos com uma sele\u00e7\u00e3o vasta de azulejos de padr\u00e3o geom\u00e9trico e policromados.<\/p>\n<p>Dispomos de mais modelos de azulejos unit\u00e1rios desta \u00e9poca.<\/p>\n","protected":false},"excerpt":{"rendered":"<p>\u00c9poca: S\u00e9c. XV \/ XVI Dimens\u00f5es: 13cm x 13 cm Azulejos hispano mouriscos, de t\u00e9cnica corda seca e de aresta. Contamos com uma sele\u00e7\u00e3o vasta de azulejos de padr\u00e3o geom\u00e9trico e policromados. Dispomos de mais modelos de azulejos unit\u00e1rios desta \u00e9poca.<\/p>\n","protected":false},"featured_media":3394,"template":"","meta":{"_acf_changed":false},"product_brand":[],"product_cat":[44,35,33,34,49],"product_tag":[56],"class_list":{"0":"post-2392","1":"product","2":"type-product","3":"status-publish","4":"has-post-thumbnail","6":"product_cat-44","7":"product_cat-amarelos","8":"product_cat-azul-e-branco","9":"product_cat-manganes","10":"product_cat-xvi","11":"product_tag-hispano-mourisco","13":"first","14":"instock","15":"shipping-taxable","16":"product-type-simple"},"acf":[],"_links":{"self":[{"href":"https:\/\/doreytiles.pt\/pt-pt\/wp-json\/wp\/v2\/product\/2392","targetHints":{"allow":["GET"]}}],"collection":[{"href":"https:\/\/doreytiles.pt\/pt-pt\/wp-json\/wp\/v2\/product"}],"about":[{"href":"https:\/\/doreytiles.pt\/pt-pt\/wp-json\/wp\/v2\/types\/product"}],"wp:featuredmedia":[{"embeddable":true,"href":"https:\/\/doreytiles.pt\/pt-pt\/wp-json\/wp\/v2\/media\/3394"}],"wp:attachment":[{"href":"https:\/\/doreytiles.pt\/pt-pt\/wp-json\/wp\/v2\/media?parent=2392"}],"wp:term":[{"taxonomy":"product_brand","embeddable":true,"href":"https:\/\/doreytiles.pt\/pt-pt\/wp-json\/wp\/v2\/product_brand?post=2392"},{"taxonomy":"product_cat","embeddable":true,"href":"https:\/\/doreytiles.pt\/pt-pt\/wp-json\/wp\/v2\/product_cat?post=2392"},{"taxonomy":"product_tag","embeddable":true,"href":"https:\/\/doreytiles.pt\/pt-pt\/wp-json\/wp\/v2\/product_tag?post=2392"}],"curies":[{"name":"wp","href":"https:\/\/api.w.org\/{rel}","templated":true}]}}