{"id":2394,"date":"2025-06-09T14:05:23","date_gmt":"2025-06-09T14:05:23","guid":{"rendered":"https:\/\/doreytiles.pt\/?post_type=product&#038;p=2394"},"modified":"2025-07-03T10:57:32","modified_gmt":"2025-07-03T10:57:32","slug":"composicao-pombalina","status":"publish","type":"product","link":"https:\/\/doreytiles.pt\/pt-pt\/product\/composicao-pombalina\/","title":{"rendered":"Composi\u00e7\u00e3o Pombalina, s\u00e9c. XVIII (1)"},"content":{"rendered":"<p>\u00c9poca: S\u00e9c. XVIII<\/p>\n<pre><\/pre>\n<p>Dimens\u00f5es: 56 cm x 56 cm (poder\u00e3o ser feitas composi\u00e7\u00f5es de diferentes tamanhos).<\/p>\n<pre><\/pre>\n<p>Composi\u00e7\u00e3o de azulejos do s\u00e9c. XVIII, denominados de pombalinos. Ao centro 4 azulejos de flor e complementados por uma cercadura geom\u00e9trica da mesma \u00e9poca.<\/p>\n","protected":false},"excerpt":{"rendered":"<p>\u00c9poca: S\u00e9c. XVIII Dimens\u00f5es: 56 cm x 56 cm (poder\u00e3o ser feitas composi\u00e7\u00f5es de diferentes tamanhos). Composi\u00e7\u00e3o de azulejos do s\u00e9c. XVIII, denominados de pombalinos. Ao centro 4 azulejos de flor e complementados por uma cercadura geom\u00e9trica da mesma \u00e9poca.<\/p>\n","protected":false},"featured_media":3391,"template":"","meta":{"_acf_changed":false},"product_brand":[],"product_cat":[41,33,47],"product_tag":[55],"class_list":{"0":"post-2394","1":"product","2":"type-product","3":"status-publish","4":"has-post-thumbnail","6":"product_cat-41","7":"product_cat-azul-e-branco","8":"product_cat-xviii","9":"product_tag-pombalino","11":"first","12":"instock","13":"shipping-taxable","14":"product-type-simple"},"acf":[],"_links":{"self":[{"href":"https:\/\/doreytiles.pt\/pt-pt\/wp-json\/wp\/v2\/product\/2394","targetHints":{"allow":["GET"]}}],"collection":[{"href":"https:\/\/doreytiles.pt\/pt-pt\/wp-json\/wp\/v2\/product"}],"about":[{"href":"https:\/\/doreytiles.pt\/pt-pt\/wp-json\/wp\/v2\/types\/product"}],"wp:featuredmedia":[{"embeddable":true,"href":"https:\/\/doreytiles.pt\/pt-pt\/wp-json\/wp\/v2\/media\/3391"}],"wp:attachment":[{"href":"https:\/\/doreytiles.pt\/pt-pt\/wp-json\/wp\/v2\/media?parent=2394"}],"wp:term":[{"taxonomy":"product_brand","embeddable":true,"href":"https:\/\/doreytiles.pt\/pt-pt\/wp-json\/wp\/v2\/product_brand?post=2394"},{"taxonomy":"product_cat","embeddable":true,"href":"https:\/\/doreytiles.pt\/pt-pt\/wp-json\/wp\/v2\/product_cat?post=2394"},{"taxonomy":"product_tag","embeddable":true,"href":"https:\/\/doreytiles.pt\/pt-pt\/wp-json\/wp\/v2\/product_tag?post=2394"}],"curies":[{"name":"wp","href":"https:\/\/api.w.org\/{rel}","templated":true}]}}