{"id":2397,"date":"2025-06-09T14:14:44","date_gmt":"2025-06-09T14:14:44","guid":{"rendered":"https:\/\/doreytiles.pt\/?post_type=product&#038;p=2397"},"modified":"2026-02-07T13:28:40","modified_gmt":"2026-02-07T13:28:40","slug":"primavera-e-verao-barrocas","status":"publish","type":"product","link":"https:\/\/doreytiles.pt\/pt-pt\/product\/primavera-e-verao-barrocas\/","title":{"rendered":"Inverno"},"content":{"rendered":"<p>\u00c9poca: S\u00e9c. XVIII<\/p>\n<pre><\/pre>\n<p>Dim: 94 x 86 cm<\/p>\n<pre><\/pre>\n<p><span style=\"font-weight: 400;\">Painel de azulejos do s\u00e9culo XVIII, pintado em azul e branco,\u00a0 que representa a esta\u00e7\u00e3o do Inverno. Pertencem ao estilo barroco, com moldura ornamentada compostas por volutas, folhas de acanto e elementos arquitect\u00f3nicos . C<\/span><span style=\"font-weight: 400;\">omposto por uma figura feminina vestida com roupas pesadas, sugerindo a protec\u00e7\u00e3o contra o frio.\u00a0 No fundo, uma paisagem discreta e a presen\u00e7a de uma estrutura fumegante refor\u00e7am a atmosfera invernal.<\/span><\/p>\n","protected":false},"excerpt":{"rendered":"<p>\u00c9poca: S\u00e9c. XVIII Dim: 94 x 86 cm Painel de azulejos do s\u00e9culo XVIII, pintado em azul e branco,\u00a0 que representa a esta\u00e7\u00e3o do Inverno. Pertencem ao estilo barroco, com moldura ornamentada compostas por volutas, folhas de acanto e elementos arquitect\u00f3nicos . Composto por uma figura feminina vestida com roupas pesadas, sugerindo a protec\u00e7\u00e3o contra [&hellip;]<\/p>\n","protected":false},"featured_media":2260,"template":"","meta":{"_acf_changed":false},"product_brand":[],"product_cat":[41,33,47],"product_tag":[38],"class_list":{"0":"post-2397","1":"product","2":"type-product","3":"status-publish","4":"has-post-thumbnail","6":"product_cat-41","7":"product_cat-azul-e-branco","8":"product_cat-xviii","9":"product_tag-paineis-figurativos","11":"first","12":"instock","13":"shipping-taxable","14":"product-type-simple"},"acf":[],"_links":{"self":[{"href":"https:\/\/doreytiles.pt\/pt-pt\/wp-json\/wp\/v2\/product\/2397","targetHints":{"allow":["GET"]}}],"collection":[{"href":"https:\/\/doreytiles.pt\/pt-pt\/wp-json\/wp\/v2\/product"}],"about":[{"href":"https:\/\/doreytiles.pt\/pt-pt\/wp-json\/wp\/v2\/types\/product"}],"wp:featuredmedia":[{"embeddable":true,"href":"https:\/\/doreytiles.pt\/pt-pt\/wp-json\/wp\/v2\/media\/2260"}],"wp:attachment":[{"href":"https:\/\/doreytiles.pt\/pt-pt\/wp-json\/wp\/v2\/media?parent=2397"}],"wp:term":[{"taxonomy":"product_brand","embeddable":true,"href":"https:\/\/doreytiles.pt\/pt-pt\/wp-json\/wp\/v2\/product_brand?post=2397"},{"taxonomy":"product_cat","embeddable":true,"href":"https:\/\/doreytiles.pt\/pt-pt\/wp-json\/wp\/v2\/product_cat?post=2397"},{"taxonomy":"product_tag","embeddable":true,"href":"https:\/\/doreytiles.pt\/pt-pt\/wp-json\/wp\/v2\/product_tag?post=2397"}],"curies":[{"name":"wp","href":"https:\/\/api.w.org\/{rel}","templated":true}]}}