{"id":2399,"date":"2025-06-09T14:27:22","date_gmt":"2025-06-09T14:27:22","guid":{"rendered":"https:\/\/doreytiles.pt\/?post_type=product&#038;p=2399"},"modified":"2025-07-03T10:43:07","modified_gmt":"2025-07-03T10:43:07","slug":"albarrada-com-grande-arranjo-florar","status":"publish","type":"product","link":"https:\/\/doreytiles.pt\/pt-pt\/product\/albarrada-com-grande-arranjo-florar\/","title":{"rendered":"Albarrada, s\u00e9c. XVIII (1)"},"content":{"rendered":"<p>\u00c9poca: S\u00e9c. XVIII<\/p>\n<pre><\/pre>\n<p>Dimens\u00f5es: 98 cm x\u00a0 84 cm<\/p>\n<pre><\/pre>\n<p>Painel de azulejos, datado do s\u00e9culo XVIII, composto por uma composi\u00e7\u00e3o central, uma Albarrada (vaso florido), inserida numa cercadura com decora\u00e7\u00e3o geom\u00e9trica.<\/p>\n<p>&nbsp;<\/p>\n","protected":false},"excerpt":{"rendered":"<p>S\u00e9c. XVIII<\/p>\n<p>Dim: 98 x 86 cm<\/p>\n<p>&nbsp;<\/p>\n<p>As Albarradas s\u00e3o um tema recorrente e importante na hist\u00f3ria da azulejaria portuguesa. O nome Albarrada, tem origem espanhola, e era usado sobretudo para se referir a um vaso ou jarra decorativa. Esta Albarrada do s\u00e9culo XVIII, destaca-se pela sua cor azul cobalto sobre fundo branco. De entre as flores retratadas contam-se v\u00e1rias flores silvestres, tulipas e rosas, s\u00edmbolos usados para atrair riqueza e abund\u00e2ncia.<\/p>\n","protected":false},"featured_media":3385,"template":"","meta":{"_acf_changed":false},"product_brand":[],"product_cat":[41,33,47],"product_tag":[53],"class_list":{"0":"post-2399","1":"product","2":"type-product","3":"status-publish","4":"has-post-thumbnail","6":"product_cat-41","7":"product_cat-azul-e-branco","8":"product_cat-xviii","9":"product_tag-albarradas","11":"first","12":"instock","13":"shipping-taxable","14":"product-type-simple"},"acf":[],"_links":{"self":[{"href":"https:\/\/doreytiles.pt\/pt-pt\/wp-json\/wp\/v2\/product\/2399","targetHints":{"allow":["GET"]}}],"collection":[{"href":"https:\/\/doreytiles.pt\/pt-pt\/wp-json\/wp\/v2\/product"}],"about":[{"href":"https:\/\/doreytiles.pt\/pt-pt\/wp-json\/wp\/v2\/types\/product"}],"wp:featuredmedia":[{"embeddable":true,"href":"https:\/\/doreytiles.pt\/pt-pt\/wp-json\/wp\/v2\/media\/3385"}],"wp:attachment":[{"href":"https:\/\/doreytiles.pt\/pt-pt\/wp-json\/wp\/v2\/media?parent=2399"}],"wp:term":[{"taxonomy":"product_brand","embeddable":true,"href":"https:\/\/doreytiles.pt\/pt-pt\/wp-json\/wp\/v2\/product_brand?post=2399"},{"taxonomy":"product_cat","embeddable":true,"href":"https:\/\/doreytiles.pt\/pt-pt\/wp-json\/wp\/v2\/product_cat?post=2399"},{"taxonomy":"product_tag","embeddable":true,"href":"https:\/\/doreytiles.pt\/pt-pt\/wp-json\/wp\/v2\/product_tag?post=2399"}],"curies":[{"name":"wp","href":"https:\/\/api.w.org\/{rel}","templated":true}]}}