{"id":2460,"date":"2025-06-11T10:14:28","date_gmt":"2025-06-11T10:14:28","guid":{"rendered":"https:\/\/doreytiles.pt\/?post_type=product&#038;p=2460"},"modified":"2025-07-02T14:41:22","modified_gmt":"2025-07-02T14:41:22","slug":"fidaldo-pmp","status":"publish","type":"product","link":"https:\/\/doreytiles.pt\/pt-pt\/product\/fidaldo-pmp\/","title":{"rendered":"Fidalgo PMP"},"content":{"rendered":"<p>\u00c9poca: S\u00e9c. XVIII<\/p>\n<pre><\/pre>\n<p>Dimens\u00f5es: 94 x 66 cm<\/p>\n<pre><\/pre>\n<p>Este painel de azulejos do s\u00e9culo XVIII, atribu\u00eddo \u00e0 oficina do mestre PMP, representa uma figura masculina aristocr\u00e1tica, inserida numa paisagem arborizada t\u00edpica da azulejaria barroca portuguesa. Pintado em azul cobalto sobre fundo branco, com uma moldura simples azul, o painel destaca-se pelo detalhe no vestu\u00e1rio do personagem \u2013 que enverga casaca ornamentada, espada e chap\u00e9u de abas largas \u2013 sugerindo um membro da nobreza ou da elite urbana da \u00e9poca. A composi\u00e7\u00e3o reflete a influ\u00eancia decorativa barroca e o gosto pelo retrato de cenas galantes e de representa\u00e7\u00e3o social, caracter\u00edsticas da produ\u00e7\u00e3o azulejar portuguesa setecentista.<\/p>\n<pre><\/pre>\n<p>Pe\u00e7a \u00danica<\/p>\n","protected":false},"excerpt":{"rendered":"<p>\u00c9poca: S\u00e9c. XVIII Dimens\u00f5es: 94 x 66 cm Este painel de azulejos do s\u00e9culo XVIII, atribu\u00eddo \u00e0 oficina do mestre PMP, representa uma figura masculina aristocr\u00e1tica, inserida numa paisagem arborizada t\u00edpica da azulejaria barroca portuguesa. Pintado em azul cobalto sobre fundo branco, com uma moldura simples azul, o painel destaca-se pelo detalhe no vestu\u00e1rio do [&hellip;]<\/p>\n","protected":false},"featured_media":3374,"template":"","meta":{"_acf_changed":false},"product_brand":[],"product_cat":[41,33,47],"product_tag":[38,58],"class_list":{"0":"post-2460","1":"product","2":"type-product","3":"status-publish","4":"has-post-thumbnail","6":"product_cat-41","7":"product_cat-azul-e-branco","8":"product_cat-xviii","9":"product_tag-paineis-figurativos","10":"product_tag-pecas-de-colecao","12":"first","13":"instock","14":"shipping-taxable","15":"product-type-simple"},"acf":[],"_links":{"self":[{"href":"https:\/\/doreytiles.pt\/pt-pt\/wp-json\/wp\/v2\/product\/2460","targetHints":{"allow":["GET"]}}],"collection":[{"href":"https:\/\/doreytiles.pt\/pt-pt\/wp-json\/wp\/v2\/product"}],"about":[{"href":"https:\/\/doreytiles.pt\/pt-pt\/wp-json\/wp\/v2\/types\/product"}],"wp:featuredmedia":[{"embeddable":true,"href":"https:\/\/doreytiles.pt\/pt-pt\/wp-json\/wp\/v2\/media\/3374"}],"wp:attachment":[{"href":"https:\/\/doreytiles.pt\/pt-pt\/wp-json\/wp\/v2\/media?parent=2460"}],"wp:term":[{"taxonomy":"product_brand","embeddable":true,"href":"https:\/\/doreytiles.pt\/pt-pt\/wp-json\/wp\/v2\/product_brand?post=2460"},{"taxonomy":"product_cat","embeddable":true,"href":"https:\/\/doreytiles.pt\/pt-pt\/wp-json\/wp\/v2\/product_cat?post=2460"},{"taxonomy":"product_tag","embeddable":true,"href":"https:\/\/doreytiles.pt\/pt-pt\/wp-json\/wp\/v2\/product_tag?post=2460"}],"curies":[{"name":"wp","href":"https:\/\/api.w.org\/{rel}","templated":true}]}}