{"id":2471,"date":"2025-06-11T10:48:20","date_gmt":"2025-06-11T10:48:20","guid":{"rendered":"https:\/\/doreytiles.pt\/?post_type=product&#038;p=2471"},"modified":"2025-07-02T14:41:21","modified_gmt":"2025-07-02T14:41:21","slug":"cena-neoclassica-de-cozinha","status":"publish","type":"product","link":"https:\/\/doreytiles.pt\/pt-pt\/product\/cena-neoclassica-de-cozinha\/","title":{"rendered":"Painel Neocl\u00e1ssico de Cozinha"},"content":{"rendered":"<p>\u00c9poca: S\u00e9c. XVIII\/XIX<\/p>\n<pre><\/pre>\n<p>Dimens\u00f5es: 154 x 84 cm<\/p>\n<pre><\/pre>\n<p><span style=\"font-weight: 400;\">\u00a0Painel de azulejos Rocaille, em estilo tradicional portugu\u00eas, caracterizado pela pintura em azul sobre fundo branco, com uma moldura ornamentada em tons de amarelo e mangan\u00eas. Representa uma cena de cozinha onde se pode podem observar pratos e tigelas.<\/span><\/p>\n<pre><\/pre>\n<p>Pe\u00e7a \u00danica<\/p>\n","protected":false},"excerpt":{"rendered":"<p>\u00c9poca: S\u00e9c. XVIII\/XIX Dimens\u00f5es: 154 x 84 cm \u00a0Painel de azulejos Rocaille, em estilo tradicional portugu\u00eas, caracterizado pela pintura em azul sobre fundo branco, com uma moldura ornamentada em tons de amarelo e mangan\u00eas. Representa uma cena de cozinha onde se pode podem observar pratos e tigelas. Pe\u00e7a \u00danica<\/p>\n","protected":false},"featured_media":3355,"template":"","meta":{"_acf_changed":false},"product_brand":[],"product_cat":[41,35,33,34,47],"product_tag":[38],"class_list":{"0":"post-2471","1":"product","2":"type-product","3":"status-publish","4":"has-post-thumbnail","6":"product_cat-41","7":"product_cat-amarelos","8":"product_cat-azul-e-branco","9":"product_cat-manganes","10":"product_cat-xviii","11":"product_tag-paineis-figurativos","13":"first","14":"instock","15":"shipping-taxable","16":"product-type-simple"},"acf":[],"_links":{"self":[{"href":"https:\/\/doreytiles.pt\/pt-pt\/wp-json\/wp\/v2\/product\/2471","targetHints":{"allow":["GET"]}}],"collection":[{"href":"https:\/\/doreytiles.pt\/pt-pt\/wp-json\/wp\/v2\/product"}],"about":[{"href":"https:\/\/doreytiles.pt\/pt-pt\/wp-json\/wp\/v2\/types\/product"}],"wp:featuredmedia":[{"embeddable":true,"href":"https:\/\/doreytiles.pt\/pt-pt\/wp-json\/wp\/v2\/media\/3355"}],"wp:attachment":[{"href":"https:\/\/doreytiles.pt\/pt-pt\/wp-json\/wp\/v2\/media?parent=2471"}],"wp:term":[{"taxonomy":"product_brand","embeddable":true,"href":"https:\/\/doreytiles.pt\/pt-pt\/wp-json\/wp\/v2\/product_brand?post=2471"},{"taxonomy":"product_cat","embeddable":true,"href":"https:\/\/doreytiles.pt\/pt-pt\/wp-json\/wp\/v2\/product_cat?post=2471"},{"taxonomy":"product_tag","embeddable":true,"href":"https:\/\/doreytiles.pt\/pt-pt\/wp-json\/wp\/v2\/product_tag?post=2471"}],"curies":[{"name":"wp","href":"https:\/\/api.w.org\/{rel}","templated":true}]}}