{"id":2472,"date":"2025-06-11T10:52:51","date_gmt":"2025-06-11T10:52:51","guid":{"rendered":"https:\/\/doreytiles.pt\/?post_type=product&#038;p=2472"},"modified":"2025-07-02T14:41:21","modified_gmt":"2025-07-02T14:41:21","slug":"ponta-de-diamante","status":"publish","type":"product","link":"https:\/\/doreytiles.pt\/pt-pt\/product\/ponta-de-diamante\/","title":{"rendered":"Ponta de Diamante"},"content":{"rendered":"<p>\u00c9poca: Sec. XVII<\/p>\n<pre><\/pre>\n<p>Dimens\u00f5es: 70 x 70 cm<\/p>\n<pre><\/pre>\n<p>Este painel de azulejos do s\u00e9culo XVII apresenta o cl\u00e1ssico padr\u00e3o de ponta de diamante, caracterizado por uma composi\u00e7\u00e3o geom\u00e9trica em trompe-l&#8217;\u0153il que cria a ilus\u00e3o de volume e profundidade. Executado em tons vibrantes de azul e amarelo sobre fundo branco, o desenho \u00e9 enriquecido por elementos decorativos renascentistas, como volutas e flor\u00f5es. Este tipo de padr\u00e3o era frequentemente utilizado em interiores de igrejas e pal\u00e1cios, evidenciando o apuro t\u00e9cnico e a sofistica\u00e7\u00e3o est\u00e9tica da azulejaria portuguesa da \u00e9poca.<\/p>\n","protected":false},"excerpt":{"rendered":"<p>\u00c9poca: Sec. XVII Dimens\u00f5es: 70 x 70 cm Este painel de azulejos do s\u00e9culo XVII apresenta o cl\u00e1ssico padr\u00e3o de ponta de diamante, caracterizado por uma composi\u00e7\u00e3o geom\u00e9trica em trompe-l&#8217;\u0153il que cria a ilus\u00e3o de volume e profundidade. Executado em tons vibrantes de azul e amarelo sobre fundo branco, o desenho \u00e9 enriquecido por elementos [&hellip;]<\/p>\n","protected":false},"featured_media":3353,"template":"","meta":{"_acf_changed":false},"product_brand":[],"product_cat":[45,35,33,46],"product_tag":[37],"class_list":{"0":"post-2472","1":"product","2":"type-product","3":"status-publish","4":"has-post-thumbnail","6":"product_cat-45","7":"product_cat-amarelos","8":"product_cat-azul-e-branco","9":"product_cat-xvii","10":"product_tag-azulejo-padrao","12":"first","13":"instock","14":"shipping-taxable","15":"product-type-simple"},"acf":[],"_links":{"self":[{"href":"https:\/\/doreytiles.pt\/pt-pt\/wp-json\/wp\/v2\/product\/2472","targetHints":{"allow":["GET"]}}],"collection":[{"href":"https:\/\/doreytiles.pt\/pt-pt\/wp-json\/wp\/v2\/product"}],"about":[{"href":"https:\/\/doreytiles.pt\/pt-pt\/wp-json\/wp\/v2\/types\/product"}],"wp:featuredmedia":[{"embeddable":true,"href":"https:\/\/doreytiles.pt\/pt-pt\/wp-json\/wp\/v2\/media\/3353"}],"wp:attachment":[{"href":"https:\/\/doreytiles.pt\/pt-pt\/wp-json\/wp\/v2\/media?parent=2472"}],"wp:term":[{"taxonomy":"product_brand","embeddable":true,"href":"https:\/\/doreytiles.pt\/pt-pt\/wp-json\/wp\/v2\/product_brand?post=2472"},{"taxonomy":"product_cat","embeddable":true,"href":"https:\/\/doreytiles.pt\/pt-pt\/wp-json\/wp\/v2\/product_cat?post=2472"},{"taxonomy":"product_tag","embeddable":true,"href":"https:\/\/doreytiles.pt\/pt-pt\/wp-json\/wp\/v2\/product_tag?post=2472"}],"curies":[{"name":"wp","href":"https:\/\/api.w.org\/{rel}","templated":true}]}}