{"id":2475,"date":"2025-06-11T11:07:28","date_gmt":"2025-06-11T11:07:28","guid":{"rendered":"https:\/\/doreytiles.pt\/?post_type=product&#038;p=2475"},"modified":"2025-07-02T14:41:20","modified_gmt":"2025-07-02T14:41:20","slug":"raro-padrao-geometrico-xvii","status":"publish","type":"product","link":"https:\/\/doreytiles.pt\/pt-pt\/product\/raro-padrao-geometrico-xvii\/","title":{"rendered":"Padr\u00e3o Ornamental de Vaso Florido e Massarocas, S\u00e9c. XVII"},"content":{"rendered":"<p>\u00c9poca: S\u00e9c. XVII<\/p>\n<pre><\/pre>\n<p>Dimens\u00f5es: 86 cm x 86 cm<\/p>\n<pre><\/pre>\n<p>Composi\u00e7\u00e3o azulejar de motivo ornamental de vaso florido que se liga por meio de &#8220;massarocas&#8221; de colora\u00e7\u00e3o esverdeada.<\/p>\n<p>Este padr\u00e3o (p-700) \u00e9 considerado raro e de complexo design e encontra-se descrito no livro &#8220;Azulejaria em Portugal no S\u00e9culo XVII, tomo I, deJ.M. dos Santos Sim\u00f5es&#8221;<\/p>\n","protected":false},"excerpt":{"rendered":"<p>S\u00e9c. XVII<\/p>\n<p>Dim: 86 x 86 cm<\/p>\n<p>&nbsp;<\/p>\n<p>Este painel de azulejos do s\u00e9culo XVII apresenta um raro e elaborado padr\u00e3o decorativo\u00a0 composto por motivos vegetalistas estilizados em tons vivos de azul cobalto e amarelo sobre fundo branco. O centro do painel exibe uma composi\u00e7\u00e3o sim\u00e9trica de volutas, flores e ramagens, rodeada por uma cercadura com elementos geom\u00e9tricos e florais que refletem influ\u00eancias mouriscas e italianas caracter\u00edsticas da azulejaria portuguesa da \u00e9poca. Pintado sob vidrado, este conjunto evidencia a mestria t\u00e9cnica e est\u00e9tica da faian\u00e7a seiscentista, sendo um exemplo not\u00e1vel da riqueza ornamental e do valor patrimonial dos azulejos manufaturados em Portugal neste per\u00edodo.<\/p>\n","protected":false},"featured_media":3341,"template":"","meta":{"_acf_changed":false},"product_brand":[],"product_cat":[44,35,33,46],"product_tag":[37,58],"class_list":{"0":"post-2475","1":"product","2":"type-product","3":"status-publish","4":"has-post-thumbnail","6":"product_cat-44","7":"product_cat-amarelos","8":"product_cat-azul-e-branco","9":"product_cat-xvii","10":"product_tag-azulejo-padrao","11":"product_tag-pecas-de-colecao","13":"first","14":"instock","15":"shipping-taxable","16":"product-type-simple"},"acf":[],"_links":{"self":[{"href":"https:\/\/doreytiles.pt\/pt-pt\/wp-json\/wp\/v2\/product\/2475","targetHints":{"allow":["GET"]}}],"collection":[{"href":"https:\/\/doreytiles.pt\/pt-pt\/wp-json\/wp\/v2\/product"}],"about":[{"href":"https:\/\/doreytiles.pt\/pt-pt\/wp-json\/wp\/v2\/types\/product"}],"wp:featuredmedia":[{"embeddable":true,"href":"https:\/\/doreytiles.pt\/pt-pt\/wp-json\/wp\/v2\/media\/3341"}],"wp:attachment":[{"href":"https:\/\/doreytiles.pt\/pt-pt\/wp-json\/wp\/v2\/media?parent=2475"}],"wp:term":[{"taxonomy":"product_brand","embeddable":true,"href":"https:\/\/doreytiles.pt\/pt-pt\/wp-json\/wp\/v2\/product_brand?post=2475"},{"taxonomy":"product_cat","embeddable":true,"href":"https:\/\/doreytiles.pt\/pt-pt\/wp-json\/wp\/v2\/product_cat?post=2475"},{"taxonomy":"product_tag","embeddable":true,"href":"https:\/\/doreytiles.pt\/pt-pt\/wp-json\/wp\/v2\/product_tag?post=2475"}],"curies":[{"name":"wp","href":"https:\/\/api.w.org\/{rel}","templated":true}]}}