{"id":2476,"date":"2025-06-11T11:14:01","date_gmt":"2025-06-11T11:14:01","guid":{"rendered":"https:\/\/doreytiles.pt\/?post_type=product&#038;p=2476"},"modified":"2025-07-02T14:41:20","modified_gmt":"2025-07-02T14:41:20","slug":"hispano-mourisco_padrao","status":"publish","type":"product","link":"https:\/\/doreytiles.pt\/pt-pt\/product\/hispano-mourisco_padrao\/","title":{"rendered":"Quadra Hispano Mourisca, Padr\u00e3o \u201cAresta\u201d (2)"},"content":{"rendered":"<p>\u00c9poca: S\u00e9c. XV\/XVI<\/p>\n<pre><\/pre>\n<p>Dimens\u00f5es: 28 x 28 cm<\/p>\n<pre><\/pre>\n<p>Esta quadra hispano mourisca \u00e9 composta por azulejos que formam um <strong>motivo geom\u00e9trico vegetalista<\/strong> em tons de azul, verde, castanho e amarelo. Os elementos decorativos remetem aos <strong>arabescos e \u00e0 est\u00e9tica da arte isl\u00e2mica, muito presente na Pen\u00ednsula Ib\u00e9rica<\/strong>.<\/p>\n","protected":false},"excerpt":{"rendered":"<p>\u00c9poca: S\u00e9c. XV\/XVI Dimens\u00f5es: 28 x 28 cm Esta quadra hispano mourisca \u00e9 composta por azulejos que formam um motivo geom\u00e9trico vegetalista em tons de azul, verde, castanho e amarelo. Os elementos decorativos remetem aos arabescos e \u00e0 est\u00e9tica da arte isl\u00e2mica, muito presente na Pen\u00ednsula Ib\u00e9rica.<\/p>\n","protected":false},"featured_media":3339,"template":"","meta":{"_acf_changed":false},"product_brand":[],"product_cat":[44,35,33,34,49],"product_tag":[56],"class_list":{"0":"post-2476","1":"product","2":"type-product","3":"status-publish","4":"has-post-thumbnail","6":"product_cat-44","7":"product_cat-amarelos","8":"product_cat-azul-e-branco","9":"product_cat-manganes","10":"product_cat-xvi","11":"product_tag-hispano-mourisco","13":"first","14":"instock","15":"shipping-taxable","16":"product-type-simple"},"acf":[],"_links":{"self":[{"href":"https:\/\/doreytiles.pt\/pt-pt\/wp-json\/wp\/v2\/product\/2476","targetHints":{"allow":["GET"]}}],"collection":[{"href":"https:\/\/doreytiles.pt\/pt-pt\/wp-json\/wp\/v2\/product"}],"about":[{"href":"https:\/\/doreytiles.pt\/pt-pt\/wp-json\/wp\/v2\/types\/product"}],"wp:featuredmedia":[{"embeddable":true,"href":"https:\/\/doreytiles.pt\/pt-pt\/wp-json\/wp\/v2\/media\/3339"}],"wp:attachment":[{"href":"https:\/\/doreytiles.pt\/pt-pt\/wp-json\/wp\/v2\/media?parent=2476"}],"wp:term":[{"taxonomy":"product_brand","embeddable":true,"href":"https:\/\/doreytiles.pt\/pt-pt\/wp-json\/wp\/v2\/product_brand?post=2476"},{"taxonomy":"product_cat","embeddable":true,"href":"https:\/\/doreytiles.pt\/pt-pt\/wp-json\/wp\/v2\/product_cat?post=2476"},{"taxonomy":"product_tag","embeddable":true,"href":"https:\/\/doreytiles.pt\/pt-pt\/wp-json\/wp\/v2\/product_tag?post=2476"}],"curies":[{"name":"wp","href":"https:\/\/api.w.org\/{rel}","templated":true}]}}