{"id":2479,"date":"2025-06-11T11:23:02","date_gmt":"2025-06-11T11:23:02","guid":{"rendered":"https:\/\/doreytiles.pt\/?post_type=product&#038;p=2479"},"modified":"2025-07-03T10:29:15","modified_gmt":"2025-07-03T10:29:15","slug":"fidalgo-contemplando","status":"publish","type":"product","link":"https:\/\/doreytiles.pt\/pt-pt\/product\/fidalgo-contemplando\/","title":{"rendered":"Cena do quotidiano"},"content":{"rendered":"<p>\u00c9poca: S\u00e9c. XVIII<\/p>\n<pre><\/pre>\n<p>Dimens\u00f5es: 98 x 98 cm<\/p>\n<pre><\/pre>\n<p>Este painel de azulejos do s\u00e9culo XVIII, pintado em azul sobre branco, representa dois fidalgos trajados com eleg\u00e2ncia, usando casacas compridas, perucas e sapatos com fivela, t\u00edpicos da moda aristocr\u00e1tica da \u00e9poca. As figuras surgem num ambiente paisag\u00edstico sereno, com \u00e1rvores e aves em voo, evocando uma cena de conv\u00edvio ou passeio. A composi\u00e7\u00e3o \u00e9 emoldurada por uma cercadura com motivos vegetalistas, conferindo-lhe um car\u00e1cter decorativo refinado, caracter\u00edstico da azulejaria utilizada em interiores e jardins de resid\u00eancias senhoriais.<\/p>\n","protected":false},"excerpt":{"rendered":"<p>\u00c9poca: S\u00e9c. XVIII Dimens\u00f5es: 98 x 98 cm Este painel de azulejos do s\u00e9culo XVIII, pintado em azul sobre branco, representa dois fidalgos trajados com eleg\u00e2ncia, usando casacas compridas, perucas e sapatos com fivela, t\u00edpicos da moda aristocr\u00e1tica da \u00e9poca. As figuras surgem num ambiente paisag\u00edstico sereno, com \u00e1rvores e aves em voo, evocando uma [&hellip;]<\/p>\n","protected":false},"featured_media":3333,"template":"","meta":{"_acf_changed":false},"product_brand":[],"product_cat":[41,33,47],"product_tag":[38,58],"class_list":{"0":"post-2479","1":"product","2":"type-product","3":"status-publish","4":"has-post-thumbnail","6":"product_cat-41","7":"product_cat-azul-e-branco","8":"product_cat-xviii","9":"product_tag-paineis-figurativos","10":"product_tag-pecas-de-colecao","12":"first","13":"instock","14":"shipping-taxable","15":"product-type-simple"},"acf":[],"_links":{"self":[{"href":"https:\/\/doreytiles.pt\/pt-pt\/wp-json\/wp\/v2\/product\/2479","targetHints":{"allow":["GET"]}}],"collection":[{"href":"https:\/\/doreytiles.pt\/pt-pt\/wp-json\/wp\/v2\/product"}],"about":[{"href":"https:\/\/doreytiles.pt\/pt-pt\/wp-json\/wp\/v2\/types\/product"}],"wp:featuredmedia":[{"embeddable":true,"href":"https:\/\/doreytiles.pt\/pt-pt\/wp-json\/wp\/v2\/media\/3333"}],"wp:attachment":[{"href":"https:\/\/doreytiles.pt\/pt-pt\/wp-json\/wp\/v2\/media?parent=2479"}],"wp:term":[{"taxonomy":"product_brand","embeddable":true,"href":"https:\/\/doreytiles.pt\/pt-pt\/wp-json\/wp\/v2\/product_brand?post=2479"},{"taxonomy":"product_cat","embeddable":true,"href":"https:\/\/doreytiles.pt\/pt-pt\/wp-json\/wp\/v2\/product_cat?post=2479"},{"taxonomy":"product_tag","embeddable":true,"href":"https:\/\/doreytiles.pt\/pt-pt\/wp-json\/wp\/v2\/product_tag?post=2479"}],"curies":[{"name":"wp","href":"https:\/\/api.w.org\/{rel}","templated":true}]}}