{"id":2480,"date":"2025-06-11T11:27:53","date_gmt":"2025-06-11T11:27:53","guid":{"rendered":"https:\/\/doreytiles.pt\/?post_type=product&#038;p=2480"},"modified":"2025-07-03T10:00:28","modified_gmt":"2025-07-03T10:00:28","slug":"composicao-hispano-mourisca-2","status":"publish","type":"product","link":"https:\/\/doreytiles.pt\/pt-pt\/product\/composicao-hispano-mourisca-2\/","title":{"rendered":"Composi\u00e7\u00e3o Hispano Mourisca"},"content":{"rendered":"<p>\u00c9poca: S\u00e9c. XV \/ XVI<\/p>\n<pre><\/pre>\n<p>Dimens\u00f5es: 77 cm x 52 cm<\/p>\n<pre><\/pre>\n<p>Composi\u00e7\u00e3o de azulejos hispano-mouriscos, datado do s\u00e9culo XV \/ XVI, com cercadura de azulejos denominados de\u00a0 enxaquetados de v\u00e1rios tonalidades.\u00a0 A composi\u00e7\u00e3o central apresenta um padr\u00e3o de inspira\u00e7\u00e3o geom\u00e9trica e vegetalista, em tons de verde, azul cobalto, amarelo e mangan\u00eas, t\u00edpicos da produ\u00e7\u00e3o influenciada pela tradi\u00e7\u00e3o \u00e1rabe na Pen\u00ednsula Ib\u00e9rica.<\/p>\n<pre><\/pre>\n<p>Dispon\u00edveis duas composi\u00e7\u00f5es, mas\u00a0 podem ser adquiridas individualmente.<\/p>\n<p>&nbsp;<\/p>\n","protected":false},"excerpt":{"rendered":"<p>\u00c9poca: S\u00e9c. XV \/ XVI Dimens\u00f5es: 77 cm x 52 cm Composi\u00e7\u00e3o de azulejos hispano-mouriscos, datado do s\u00e9culo XV \/ XVI, com cercadura de azulejos denominados de\u00a0 enxaquetados de v\u00e1rios tonalidades.\u00a0 A composi\u00e7\u00e3o central apresenta um padr\u00e3o de inspira\u00e7\u00e3o geom\u00e9trica e vegetalista, em tons de verde, azul cobalto, amarelo e mangan\u00eas, t\u00edpicos da produ\u00e7\u00e3o influenciada [&hellip;]<\/p>\n","protected":false},"featured_media":3331,"template":"","meta":{"_acf_changed":false},"product_brand":[],"product_cat":[44,35,33,34,49],"product_tag":[56],"class_list":{"0":"post-2480","1":"product","2":"type-product","3":"status-publish","4":"has-post-thumbnail","6":"product_cat-44","7":"product_cat-amarelos","8":"product_cat-azul-e-branco","9":"product_cat-manganes","10":"product_cat-xvi","11":"product_tag-hispano-mourisco","13":"first","14":"instock","15":"shipping-taxable","16":"product-type-simple"},"acf":[],"_links":{"self":[{"href":"https:\/\/doreytiles.pt\/pt-pt\/wp-json\/wp\/v2\/product\/2480","targetHints":{"allow":["GET"]}}],"collection":[{"href":"https:\/\/doreytiles.pt\/pt-pt\/wp-json\/wp\/v2\/product"}],"about":[{"href":"https:\/\/doreytiles.pt\/pt-pt\/wp-json\/wp\/v2\/types\/product"}],"wp:featuredmedia":[{"embeddable":true,"href":"https:\/\/doreytiles.pt\/pt-pt\/wp-json\/wp\/v2\/media\/3331"}],"wp:attachment":[{"href":"https:\/\/doreytiles.pt\/pt-pt\/wp-json\/wp\/v2\/media?parent=2480"}],"wp:term":[{"taxonomy":"product_brand","embeddable":true,"href":"https:\/\/doreytiles.pt\/pt-pt\/wp-json\/wp\/v2\/product_brand?post=2480"},{"taxonomy":"product_cat","embeddable":true,"href":"https:\/\/doreytiles.pt\/pt-pt\/wp-json\/wp\/v2\/product_cat?post=2480"},{"taxonomy":"product_tag","embeddable":true,"href":"https:\/\/doreytiles.pt\/pt-pt\/wp-json\/wp\/v2\/product_tag?post=2480"}],"curies":[{"name":"wp","href":"https:\/\/api.w.org\/{rel}","templated":true}]}}