{"id":2482,"date":"2025-06-11T11:35:12","date_gmt":"2025-06-11T11:35:12","guid":{"rendered":"https:\/\/doreytiles.pt\/?post_type=product&#038;p=2482"},"modified":"2025-07-02T14:40:09","modified_gmt":"2025-07-02T14:40:09","slug":"painel-mariano-neoclassico","status":"publish","type":"product","link":"https:\/\/doreytiles.pt\/pt-pt\/product\/painel-mariano-neoclassico\/","title":{"rendered":"Painel Mariano Neocl\u00e1ssico"},"content":{"rendered":"<p>\u00c9poca: S\u00e9c. XVIII<\/p>\n<pre><\/pre>\n<p>Dimens\u00f5es: 112 x 98 cm<\/p>\n<pre><\/pre>\n<p>Este painel de azulejos, de estilo neocl\u00e1ssico e datado do final do s\u00e9culo XVIII, apresenta uma composi\u00e7\u00e3o rica em simbolismo e ornamenta\u00e7\u00e3o. Ao centro, num medalh\u00e3o oval emoldurado por uma moldura dourada com motivos vegetalistas, surge a imagem de uma torre encimada por um ninho onde uma cegonha, s\u00edmbolo do amor maternal associado \u00e0 Virgem Maria,\u00a0 alimenta uma cria. O cen\u00e1rio em redor sugere uma paisagem buc\u00f3lica com casas, vegeta\u00e7\u00e3o e montanhas. Toda a composi\u00e7\u00e3o central est\u00e1 envolta por uma exuberante decora\u00e7\u00e3o floral com rosas e volutas em tons pastel, t\u00edpicos da est\u00e9tica refinada e equilibrada do neoclassicismo. No topo da imagem central, sobre uma fita azul, l\u00ea-se a inscri\u00e7\u00e3o latina <em>&#8220;Vis fortior arcet&#8221;<\/em>, que se traduz como &#8220;A for\u00e7a mais forte repele&#8221; \u2014 uma poss\u00edvel alus\u00e3o ao poder protetor da virtude, da fam\u00edlia ou da pr\u00f3pria torre representada. Este tipo de painel era comum em interiores e fachadas de edif\u00edcios nobres ou religiosos, refletindo prest\u00edgio e cultura.<\/p>\n","protected":false},"excerpt":{"rendered":"<p>\u00c9poca: S\u00e9c. XVIII Dimens\u00f5es: 112 x 98 cm Este painel de azulejos, de estilo neocl\u00e1ssico e datado do final do s\u00e9culo XVIII, apresenta uma composi\u00e7\u00e3o rica em simbolismo e ornamenta\u00e7\u00e3o. Ao centro, num medalh\u00e3o oval emoldurado por uma moldura dourada com motivos vegetalistas, surge a imagem de uma torre encimada por um ninho onde uma [&hellip;]<\/p>\n","protected":false},"featured_media":3328,"template":"","meta":{"_acf_changed":false},"product_brand":[],"product_cat":[41,35,33,34,47],"product_tag":[38],"class_list":{"0":"post-2482","1":"product","2":"type-product","3":"status-publish","4":"has-post-thumbnail","6":"product_cat-41","7":"product_cat-amarelos","8":"product_cat-azul-e-branco","9":"product_cat-manganes","10":"product_cat-xviii","11":"product_tag-paineis-figurativos","13":"first","14":"instock","15":"shipping-taxable","16":"product-type-simple"},"acf":[],"_links":{"self":[{"href":"https:\/\/doreytiles.pt\/pt-pt\/wp-json\/wp\/v2\/product\/2482","targetHints":{"allow":["GET"]}}],"collection":[{"href":"https:\/\/doreytiles.pt\/pt-pt\/wp-json\/wp\/v2\/product"}],"about":[{"href":"https:\/\/doreytiles.pt\/pt-pt\/wp-json\/wp\/v2\/types\/product"}],"wp:featuredmedia":[{"embeddable":true,"href":"https:\/\/doreytiles.pt\/pt-pt\/wp-json\/wp\/v2\/media\/3328"}],"wp:attachment":[{"href":"https:\/\/doreytiles.pt\/pt-pt\/wp-json\/wp\/v2\/media?parent=2482"}],"wp:term":[{"taxonomy":"product_brand","embeddable":true,"href":"https:\/\/doreytiles.pt\/pt-pt\/wp-json\/wp\/v2\/product_brand?post=2482"},{"taxonomy":"product_cat","embeddable":true,"href":"https:\/\/doreytiles.pt\/pt-pt\/wp-json\/wp\/v2\/product_cat?post=2482"},{"taxonomy":"product_tag","embeddable":true,"href":"https:\/\/doreytiles.pt\/pt-pt\/wp-json\/wp\/v2\/product_tag?post=2482"}],"curies":[{"name":"wp","href":"https:\/\/api.w.org\/{rel}","templated":true}]}}