{"id":2497,"date":"2025-06-11T14:06:29","date_gmt":"2025-06-11T14:06:29","guid":{"rendered":"https:\/\/doreytiles.pt\/?post_type=product&#038;p=2497"},"modified":"2025-07-03T10:35:10","modified_gmt":"2025-07-03T10:35:10","slug":"fidalgo-e-o-instrumento-de-sopro","status":"publish","type":"product","link":"https:\/\/doreytiles.pt\/pt-pt\/product\/fidalgo-e-o-instrumento-de-sopro\/","title":{"rendered":"Fidalgo a tocar instrumento"},"content":{"rendered":"<p>\u00c9poca: S\u00e9c. XVIII<\/p>\n<pre><\/pre>\n<p>Dimens\u00f5es: 112 x 84 cm<\/p>\n<pre><\/pre>\n<p>Este painel de azulejos do s\u00e9culo XVIII, em tons de azul sobre branco, representa um jovem nobre\u00a0 a tocar um instrumento de sopro, provavelmente uma flauta, numa paisagem campestre. A figura, vestida com eleg\u00e2ncia e de chap\u00e9u, \u00e9 enquadrada por uma cercadura com motivos florais e enrolamentos t\u00edpicos da azulejaria portuguesa. Ao fundo, veem-se uma casa e \u00e1rvores, compondo uma cena serena e idealizada da vida quotidiana.<\/p>\n","protected":false},"excerpt":{"rendered":"<p>\u00c9poca: S\u00e9c. XVIII Dimens\u00f5es: 112 x 84 cm Este painel de azulejos do s\u00e9culo XVIII, em tons de azul sobre branco, representa um jovem nobre\u00a0 a tocar um instrumento de sopro, provavelmente uma flauta, numa paisagem campestre. A figura, vestida com eleg\u00e2ncia e de chap\u00e9u, \u00e9 enquadrada por uma cercadura com motivos florais e enrolamentos [&hellip;]<\/p>\n","protected":false},"featured_media":3316,"template":"","meta":{"_acf_changed":false},"product_brand":[],"product_cat":[41,33,47],"product_tag":[38],"class_list":{"0":"post-2497","1":"product","2":"type-product","3":"status-publish","4":"has-post-thumbnail","6":"product_cat-41","7":"product_cat-azul-e-branco","8":"product_cat-xviii","9":"product_tag-paineis-figurativos","11":"first","12":"instock","13":"shipping-taxable","14":"product-type-simple"},"acf":[],"_links":{"self":[{"href":"https:\/\/doreytiles.pt\/pt-pt\/wp-json\/wp\/v2\/product\/2497","targetHints":{"allow":["GET"]}}],"collection":[{"href":"https:\/\/doreytiles.pt\/pt-pt\/wp-json\/wp\/v2\/product"}],"about":[{"href":"https:\/\/doreytiles.pt\/pt-pt\/wp-json\/wp\/v2\/types\/product"}],"wp:featuredmedia":[{"embeddable":true,"href":"https:\/\/doreytiles.pt\/pt-pt\/wp-json\/wp\/v2\/media\/3316"}],"wp:attachment":[{"href":"https:\/\/doreytiles.pt\/pt-pt\/wp-json\/wp\/v2\/media?parent=2497"}],"wp:term":[{"taxonomy":"product_brand","embeddable":true,"href":"https:\/\/doreytiles.pt\/pt-pt\/wp-json\/wp\/v2\/product_brand?post=2497"},{"taxonomy":"product_cat","embeddable":true,"href":"https:\/\/doreytiles.pt\/pt-pt\/wp-json\/wp\/v2\/product_cat?post=2497"},{"taxonomy":"product_tag","embeddable":true,"href":"https:\/\/doreytiles.pt\/pt-pt\/wp-json\/wp\/v2\/product_tag?post=2497"}],"curies":[{"name":"wp","href":"https:\/\/api.w.org\/{rel}","templated":true}]}}