{"id":2498,"date":"2025-06-11T14:14:35","date_gmt":"2025-06-11T14:14:35","guid":{"rendered":"https:\/\/doreytiles.pt\/?post_type=product&#038;p=2498"},"modified":"2025-07-03T10:37:00","modified_gmt":"2025-07-03T10:37:00","slug":"fidalgos-em-convivio","status":"publish","type":"product","link":"https:\/\/doreytiles.pt\/pt-pt\/product\/fidalgos-em-convivio\/","title":{"rendered":"Cena do quotidiano"},"content":{"rendered":"<p>\u00c9poca: S\u00e9c. XVII<\/p>\n<pre><\/pre>\n<p>Dimens\u00f5es: 98 x 70 cm<\/p>\n<pre><\/pre>\n<p>Este painel de azulejos do s\u00e9culo XVII, pintado em tons de azul sobre branco, apresenta uma cena campestre enquadrada por uma cercadura decorativa com motivos vegetalistas e geom\u00e9tricos. No centro, observam-se tr\u00eas figuras masculinas trajando vestes t\u00edpicas da fidalguia da \u00e9poca, incluindo capas e chap\u00e9us de abas largas, caminhando por uma paisagem com \u00e1rvores e vegeta\u00e7\u00e3o. Em primeiro plano, destaca-se uma figura de boi, parcialmente submerso em \u00e1gua, sugerindo a travessia de um rio ou lago. A composi\u00e7\u00e3o reflete o estilo decorativo e narrativo caracter\u00edstico do azulejo portugu\u00eas.<\/p>\n","protected":false},"excerpt":{"rendered":"<p>\u00c9poca: S\u00e9c. XVII Dimens\u00f5es: 98 x 70 cm Este painel de azulejos do s\u00e9culo XVII, pintado em tons de azul sobre branco, apresenta uma cena campestre enquadrada por uma cercadura decorativa com motivos vegetalistas e geom\u00e9tricos. No centro, observam-se tr\u00eas figuras masculinas trajando vestes t\u00edpicas da fidalguia da \u00e9poca, incluindo capas e chap\u00e9us de abas [&hellip;]<\/p>\n","protected":false},"featured_media":3314,"template":"","meta":{"_acf_changed":false},"product_brand":[],"product_cat":[45,33,46],"product_tag":[38],"class_list":{"0":"post-2498","1":"product","2":"type-product","3":"status-publish","4":"has-post-thumbnail","6":"product_cat-45","7":"product_cat-azul-e-branco","8":"product_cat-xvii","9":"product_tag-paineis-figurativos","11":"first","12":"instock","13":"shipping-taxable","14":"product-type-simple"},"acf":[],"_links":{"self":[{"href":"https:\/\/doreytiles.pt\/pt-pt\/wp-json\/wp\/v2\/product\/2498","targetHints":{"allow":["GET"]}}],"collection":[{"href":"https:\/\/doreytiles.pt\/pt-pt\/wp-json\/wp\/v2\/product"}],"about":[{"href":"https:\/\/doreytiles.pt\/pt-pt\/wp-json\/wp\/v2\/types\/product"}],"wp:featuredmedia":[{"embeddable":true,"href":"https:\/\/doreytiles.pt\/pt-pt\/wp-json\/wp\/v2\/media\/3314"}],"wp:attachment":[{"href":"https:\/\/doreytiles.pt\/pt-pt\/wp-json\/wp\/v2\/media?parent=2498"}],"wp:term":[{"taxonomy":"product_brand","embeddable":true,"href":"https:\/\/doreytiles.pt\/pt-pt\/wp-json\/wp\/v2\/product_brand?post=2498"},{"taxonomy":"product_cat","embeddable":true,"href":"https:\/\/doreytiles.pt\/pt-pt\/wp-json\/wp\/v2\/product_cat?post=2498"},{"taxonomy":"product_tag","embeddable":true,"href":"https:\/\/doreytiles.pt\/pt-pt\/wp-json\/wp\/v2\/product_tag?post=2498"}],"curies":[{"name":"wp","href":"https:\/\/api.w.org\/{rel}","templated":true}]}}