{"id":2501,"date":"2025-06-12T11:29:50","date_gmt":"2025-06-12T11:29:50","guid":{"rendered":"https:\/\/doreytiles.pt\/?post_type=product&#038;p=2501"},"modified":"2025-07-03T10:39:01","modified_gmt":"2025-07-03T10:39:01","slug":"nobres-a-beira-rio-tejo","status":"publish","type":"product","link":"https:\/\/doreytiles.pt\/pt-pt\/product\/nobres-a-beira-rio-tejo\/","title":{"rendered":"Nobres \u00e0 beira rio"},"content":{"rendered":"<p>\u00c9poca: S\u00e9c. XVIII<\/p>\n<pre><\/pre>\n<p>Dimens\u00f5es: 84 x 84 cm<\/p>\n<pre><\/pre>\n<p>Este painel de azulejos do s\u00e9culo XVIII, pintado em azul cobalto sobre fundo branco, retrata dois nobres \u00e0 beira de um rio, em trajes t\u00edpicos da \u00e9poca, envolvidos numa poss\u00edvel conversa ou negocia\u00e7\u00e3o. Ao fundo, observa-se uma paisagem urbana, al\u00e9m de um pequeno cais com barcos, sugerindo um ambiente portu\u00e1rio ou ribeirinho. A cena \u00e9 emoldurada por uma cercadura ornamentada com motivos vegetalistas, caracter\u00edstica da azulejaria barroca portuguesa. Este tipo de representa\u00e7\u00e3o era comum em pain\u00e9is decorativos usados em interiores e exteriores de resid\u00eancias e edif\u00edcios p\u00fablicos, refletindo o quotidiano e a vida social do per\u00edodo.<\/p>\n","protected":false},"excerpt":{"rendered":"<p>\u00c9poca: S\u00e9c. XVIII Dimens\u00f5es: 84 x 84 cm Este painel de azulejos do s\u00e9culo XVIII, pintado em azul cobalto sobre fundo branco, retrata dois nobres \u00e0 beira de um rio, em trajes t\u00edpicos da \u00e9poca, envolvidos numa poss\u00edvel conversa ou negocia\u00e7\u00e3o. Ao fundo, observa-se uma paisagem urbana, al\u00e9m de um pequeno cais com barcos, sugerindo [&hellip;]<\/p>\n","protected":false},"featured_media":3275,"template":"","meta":{"_acf_changed":false},"product_brand":[],"product_cat":[41,33,47],"product_tag":[38],"class_list":{"0":"post-2501","1":"product","2":"type-product","3":"status-publish","4":"has-post-thumbnail","6":"product_cat-41","7":"product_cat-azul-e-branco","8":"product_cat-xviii","9":"product_tag-paineis-figurativos","11":"first","12":"instock","13":"shipping-taxable","14":"product-type-simple"},"acf":[],"_links":{"self":[{"href":"https:\/\/doreytiles.pt\/pt-pt\/wp-json\/wp\/v2\/product\/2501","targetHints":{"allow":["GET"]}}],"collection":[{"href":"https:\/\/doreytiles.pt\/pt-pt\/wp-json\/wp\/v2\/product"}],"about":[{"href":"https:\/\/doreytiles.pt\/pt-pt\/wp-json\/wp\/v2\/types\/product"}],"wp:featuredmedia":[{"embeddable":true,"href":"https:\/\/doreytiles.pt\/pt-pt\/wp-json\/wp\/v2\/media\/3275"}],"wp:attachment":[{"href":"https:\/\/doreytiles.pt\/pt-pt\/wp-json\/wp\/v2\/media?parent=2501"}],"wp:term":[{"taxonomy":"product_brand","embeddable":true,"href":"https:\/\/doreytiles.pt\/pt-pt\/wp-json\/wp\/v2\/product_brand?post=2501"},{"taxonomy":"product_cat","embeddable":true,"href":"https:\/\/doreytiles.pt\/pt-pt\/wp-json\/wp\/v2\/product_cat?post=2501"},{"taxonomy":"product_tag","embeddable":true,"href":"https:\/\/doreytiles.pt\/pt-pt\/wp-json\/wp\/v2\/product_tag?post=2501"}],"curies":[{"name":"wp","href":"https:\/\/api.w.org\/{rel}","templated":true}]}}