{"id":2509,"date":"2025-06-12T11:57:19","date_gmt":"2025-06-12T11:57:19","guid":{"rendered":"https:\/\/doreytiles.pt\/?post_type=product&#038;p=2509"},"modified":"2025-07-02T14:40:06","modified_gmt":"2025-07-02T14:40:06","slug":"cavaleiro-em-cacada","status":"publish","type":"product","link":"https:\/\/doreytiles.pt\/pt-pt\/product\/cavaleiro-em-cacada\/","title":{"rendered":"Cena Quotidiana"},"content":{"rendered":"<p>\u00c9poca: S\u00e9c. XVII<\/p>\n<pre><\/pre>\n<p>Dimens\u00f5es: 98 x 112 cm<\/p>\n<pre><\/pre>\n<p>Este painel de azulejos do s\u00e9culo XVII, pintado em azul sobre branco, retrata uma cena campestre com um cavaleiro elegante \u00e0 esquerda e um pastor conduzindo dois bois \u00e0 direita, inseridos numa paisagem idealizada com \u00e1rvores, colinas e aves em voo. A composi\u00e7\u00e3o combina elementos de ca\u00e7a e pastoreio, refletindo a harmonia entre nobreza e vida rural, tema comum na azulejaria portuguesa da \u00e9poca. A cercadura com volutas e motivos vegetalistas, refor\u00e7a o car\u00e1ter ornamental e narrativo da obra.<\/p>\n<pre><\/pre>\n<p>Pe\u00e7a \u00danica<\/p>\n","protected":false},"excerpt":{"rendered":"<p>\u00c9poca: S\u00e9c. XVII Dimens\u00f5es: 98 x 112 cm Este painel de azulejos do s\u00e9culo XVII, pintado em azul sobre branco, retrata uma cena campestre com um cavaleiro elegante \u00e0 esquerda e um pastor conduzindo dois bois \u00e0 direita, inseridos numa paisagem idealizada com \u00e1rvores, colinas e aves em voo. A composi\u00e7\u00e3o combina elementos de ca\u00e7a [&hellip;]<\/p>\n","protected":false},"featured_media":3270,"template":"","meta":{"_acf_changed":false},"product_brand":[],"product_cat":[45,33,46],"product_tag":[38],"class_list":{"0":"post-2509","1":"product","2":"type-product","3":"status-publish","4":"has-post-thumbnail","6":"product_cat-45","7":"product_cat-azul-e-branco","8":"product_cat-xvii","9":"product_tag-paineis-figurativos","11":"first","12":"instock","13":"shipping-taxable","14":"product-type-simple"},"acf":[],"_links":{"self":[{"href":"https:\/\/doreytiles.pt\/pt-pt\/wp-json\/wp\/v2\/product\/2509","targetHints":{"allow":["GET"]}}],"collection":[{"href":"https:\/\/doreytiles.pt\/pt-pt\/wp-json\/wp\/v2\/product"}],"about":[{"href":"https:\/\/doreytiles.pt\/pt-pt\/wp-json\/wp\/v2\/types\/product"}],"wp:featuredmedia":[{"embeddable":true,"href":"https:\/\/doreytiles.pt\/pt-pt\/wp-json\/wp\/v2\/media\/3270"}],"wp:attachment":[{"href":"https:\/\/doreytiles.pt\/pt-pt\/wp-json\/wp\/v2\/media?parent=2509"}],"wp:term":[{"taxonomy":"product_brand","embeddable":true,"href":"https:\/\/doreytiles.pt\/pt-pt\/wp-json\/wp\/v2\/product_brand?post=2509"},{"taxonomy":"product_cat","embeddable":true,"href":"https:\/\/doreytiles.pt\/pt-pt\/wp-json\/wp\/v2\/product_cat?post=2509"},{"taxonomy":"product_tag","embeddable":true,"href":"https:\/\/doreytiles.pt\/pt-pt\/wp-json\/wp\/v2\/product_tag?post=2509"}],"curies":[{"name":"wp","href":"https:\/\/api.w.org\/{rel}","templated":true}]}}