{"id":3236,"date":"2025-06-21T17:25:57","date_gmt":"2025-06-21T17:25:57","guid":{"rendered":"https:\/\/doreytiles.pt\/?post_type=product&#038;p=3236"},"modified":"2025-07-03T14:10:04","modified_gmt":"2025-07-03T14:10:04","slug":"pia-em-pedra-lioz-rosa","status":"publish","type":"product","link":"https:\/\/doreytiles.pt\/pt-pt\/product\/pia-em-pedra-lioz-rosa\/","title":{"rendered":"Pia em Pedra Lioz Rosa, S\u00e9c. XVIII"},"content":{"rendered":"<p>\u00c9poca: Final s\u00e9c. XVII in\u00edcio s\u00e9c. XVIII<\/p>\n<pre><\/pre>\n<p>Dimens\u00f5es: 55 cm x 45 cm x 15 cm<\/p>\n<pre><\/pre>\n<p>Pia em pedra Lioz Rosa, do final s\u00e9c. XVII in\u00edcio\u00a0 s\u00e9c. XVIII.<\/p>\n<p>&nbsp;<\/p>\n<p>Poder\u00e1 ser feito um furo para \u00e1gua.<\/p>\n","protected":false},"excerpt":{"rendered":"<p>\u00c9poca: Final s\u00e9c. XVII in\u00edcio s\u00e9c. XVIII Dimens\u00f5es: 55 cm x 45 cm x 15 cm Pia em pedra Lioz Rosa, do final s\u00e9c. XVII in\u00edcio\u00a0 s\u00e9c. XVIII. &nbsp; Poder\u00e1 ser feito um furo para \u00e1gua.<\/p>\n","protected":false},"featured_media":3171,"template":"","meta":{"_acf_changed":false},"product_brand":[],"product_cat":[42,47],"product_tag":[60],"class_list":{"0":"post-3236","1":"product","2":"type-product","3":"status-publish","4":"has-post-thumbnail","6":"product_cat-42","7":"product_cat-xviii","8":"product_tag-pedras","10":"first","11":"instock","12":"shipping-taxable","13":"product-type-simple"},"acf":[],"_links":{"self":[{"href":"https:\/\/doreytiles.pt\/pt-pt\/wp-json\/wp\/v2\/product\/3236","targetHints":{"allow":["GET"]}}],"collection":[{"href":"https:\/\/doreytiles.pt\/pt-pt\/wp-json\/wp\/v2\/product"}],"about":[{"href":"https:\/\/doreytiles.pt\/pt-pt\/wp-json\/wp\/v2\/types\/product"}],"wp:featuredmedia":[{"embeddable":true,"href":"https:\/\/doreytiles.pt\/pt-pt\/wp-json\/wp\/v2\/media\/3171"}],"wp:attachment":[{"href":"https:\/\/doreytiles.pt\/pt-pt\/wp-json\/wp\/v2\/media?parent=3236"}],"wp:term":[{"taxonomy":"product_brand","embeddable":true,"href":"https:\/\/doreytiles.pt\/pt-pt\/wp-json\/wp\/v2\/product_brand?post=3236"},{"taxonomy":"product_cat","embeddable":true,"href":"https:\/\/doreytiles.pt\/pt-pt\/wp-json\/wp\/v2\/product_cat?post=3236"},{"taxonomy":"product_tag","embeddable":true,"href":"https:\/\/doreytiles.pt\/pt-pt\/wp-json\/wp\/v2\/product_tag?post=3236"}],"curies":[{"name":"wp","href":"https:\/\/api.w.org\/{rel}","templated":true}]}}