{"id":3237,"date":"2025-06-21T17:30:34","date_gmt":"2025-06-21T17:30:34","guid":{"rendered":"https:\/\/doreytiles.pt\/?post_type=product&#038;p=3237"},"modified":"2025-07-02T14:40:05","modified_gmt":"2025-07-02T14:40:05","slug":"pratos-portugueses-sec-xix","status":"publish","type":"product","link":"https:\/\/doreytiles.pt\/pt-pt\/product\/pratos-portugueses-sec-xix\/","title":{"rendered":"Pratos Portugueses S\u00e9c XIX"},"content":{"rendered":"<p>\u00c9poca: Meados s\u00e9c. XIX &#8211; in\u00edcio s\u00e9c. XX<\/p>\n<pre><\/pre>\n<p>Dimens\u00f5es: desde 20cm de di\u00e2metro at\u00e9 40cm<\/p>\n<pre><\/pre>\n<p>Conjunto de\u00a0 pratos decorativos em faian\u00e7a,, com origem em oficinas tradicionais do centro de Portugal. Cada exemplar apresenta pintura manual policromada com motivos diversos, incluindo galos, flores, p\u00e1ssaros, folhas estilizadas e inscri\u00e7\u00f5es populares. As bordas decoradas com frisos e padr\u00f5es geom\u00e9tricos ou florais refor\u00e7am o car\u00e1ter artesanal de cada pe\u00e7a.<\/p>\n<pre><\/pre>\n<p>V\u00e1rios modelos dispon\u00edveis<\/p>\n","protected":false},"excerpt":{"rendered":"<p>\u00c9poca: Meados s\u00e9c. XIX &#8211; in\u00edcio s\u00e9c. XX Dimens\u00f5es: desde 20cm de di\u00e2metro at\u00e9 40cm Conjunto de\u00a0 pratos decorativos em faian\u00e7a,, com origem em oficinas tradicionais do centro de Portugal. Cada exemplar apresenta pintura manual policromada com motivos diversos, incluindo galos, flores, p\u00e1ssaros, folhas estilizadas e inscri\u00e7\u00f5es populares. As bordas decoradas com frisos e padr\u00f5es [&hellip;]<\/p>\n","protected":false},"featured_media":2969,"template":"","meta":{"_acf_changed":false},"product_brand":[],"product_cat":[45,41,35,33,34,48],"product_tag":[59],"class_list":{"0":"post-3237","1":"product","2":"type-product","3":"status-publish","4":"has-post-thumbnail","6":"product_cat-45","7":"product_cat-41","8":"product_cat-amarelos","9":"product_cat-azul-e-branco","10":"product_cat-manganes","11":"product_cat-xix","12":"product_tag-faianca","14":"first","15":"instock","16":"shipping-taxable","17":"product-type-simple"},"acf":[],"_links":{"self":[{"href":"https:\/\/doreytiles.pt\/pt-pt\/wp-json\/wp\/v2\/product\/3237","targetHints":{"allow":["GET"]}}],"collection":[{"href":"https:\/\/doreytiles.pt\/pt-pt\/wp-json\/wp\/v2\/product"}],"about":[{"href":"https:\/\/doreytiles.pt\/pt-pt\/wp-json\/wp\/v2\/types\/product"}],"wp:featuredmedia":[{"embeddable":true,"href":"https:\/\/doreytiles.pt\/pt-pt\/wp-json\/wp\/v2\/media\/2969"}],"wp:attachment":[{"href":"https:\/\/doreytiles.pt\/pt-pt\/wp-json\/wp\/v2\/media?parent=3237"}],"wp:term":[{"taxonomy":"product_brand","embeddable":true,"href":"https:\/\/doreytiles.pt\/pt-pt\/wp-json\/wp\/v2\/product_brand?post=3237"},{"taxonomy":"product_cat","embeddable":true,"href":"https:\/\/doreytiles.pt\/pt-pt\/wp-json\/wp\/v2\/product_cat?post=3237"},{"taxonomy":"product_tag","embeddable":true,"href":"https:\/\/doreytiles.pt\/pt-pt\/wp-json\/wp\/v2\/product_tag?post=3237"}],"curies":[{"name":"wp","href":"https:\/\/api.w.org\/{rel}","templated":true}]}}