{"id":3238,"date":"2025-06-21T17:37:56","date_gmt":"2025-06-21T17:37:56","guid":{"rendered":"https:\/\/doreytiles.pt\/?post_type=product&#038;p=3238"},"modified":"2025-07-02T14:40:05","modified_gmt":"2025-07-02T14:40:05","slug":"bilha-em-ceramica-fabrico-devezas","status":"publish","type":"product","link":"https:\/\/doreytiles.pt\/pt-pt\/product\/bilha-em-ceramica-fabrico-devezas\/","title":{"rendered":"Bilha em Cer\u00e2mica, Fabrico Devezas"},"content":{"rendered":"<p>\u00c9poca:\u00a0 Final s\u00e9c. XIX &#8211; in\u00edcio s\u00e9c. XX<\/p>\n<pre><\/pre>\n<p>Dimens\u00f5es: 98 cm x 50 cm<\/p>\n<pre><\/pre>\n<p>Imponente bilha\u00a0 em faian\u00e7a, datada dos finais do s\u00e9c. XIX &#8211; in\u00edcio s\u00e9c. XX. De inspira\u00e7\u00e3o neocl\u00e1ssica, pintada de azul claro com rica decora\u00e7\u00e3o em relevo de tom marfim, incluindo volutas, acantos e mascar\u00f5es, com destaque para a figura de um querubim sentado sobre a tampa.<\/p>\n","protected":false},"excerpt":{"rendered":"<p>\u00c9poca:\u00a0 Final s\u00e9c. XIX &#8211; in\u00edcio s\u00e9c. XX Dimens\u00f5es: 98 cm x 50 cm Imponente bilha\u00a0 em faian\u00e7a, datada dos finais do s\u00e9c. XIX &#8211; in\u00edcio s\u00e9c. XX. De inspira\u00e7\u00e3o neocl\u00e1ssica, pintada de azul claro com rica decora\u00e7\u00e3o em relevo de tom marfim, incluindo volutas, acantos e mascar\u00f5es, com destaque para a figura de um [&hellip;]<\/p>\n","protected":false},"featured_media":2915,"template":"","meta":{"_acf_changed":false},"product_brand":[],"product_cat":[42,33,48],"product_tag":[59],"class_list":{"0":"post-3238","1":"product","2":"type-product","3":"status-publish","4":"has-post-thumbnail","6":"product_cat-42","7":"product_cat-azul-e-branco","8":"product_cat-xix","9":"product_tag-faianca","11":"first","12":"instock","13":"shipping-taxable","14":"product-type-simple"},"acf":[],"_links":{"self":[{"href":"https:\/\/doreytiles.pt\/pt-pt\/wp-json\/wp\/v2\/product\/3238","targetHints":{"allow":["GET"]}}],"collection":[{"href":"https:\/\/doreytiles.pt\/pt-pt\/wp-json\/wp\/v2\/product"}],"about":[{"href":"https:\/\/doreytiles.pt\/pt-pt\/wp-json\/wp\/v2\/types\/product"}],"wp:featuredmedia":[{"embeddable":true,"href":"https:\/\/doreytiles.pt\/pt-pt\/wp-json\/wp\/v2\/media\/2915"}],"wp:attachment":[{"href":"https:\/\/doreytiles.pt\/pt-pt\/wp-json\/wp\/v2\/media?parent=3238"}],"wp:term":[{"taxonomy":"product_brand","embeddable":true,"href":"https:\/\/doreytiles.pt\/pt-pt\/wp-json\/wp\/v2\/product_brand?post=3238"},{"taxonomy":"product_cat","embeddable":true,"href":"https:\/\/doreytiles.pt\/pt-pt\/wp-json\/wp\/v2\/product_cat?post=3238"},{"taxonomy":"product_tag","embeddable":true,"href":"https:\/\/doreytiles.pt\/pt-pt\/wp-json\/wp\/v2\/product_tag?post=3238"}],"curies":[{"name":"wp","href":"https:\/\/api.w.org\/{rel}","templated":true}]}}