{"id":3240,"date":"2025-06-21T17:59:30","date_gmt":"2025-06-21T17:59:30","guid":{"rendered":"https:\/\/doreytiles.pt\/?post_type=product&#038;p=3240"},"modified":"2025-07-03T10:55:00","modified_gmt":"2025-07-03T10:55:00","slug":"albarrada-de-passaros-sec-xvii","status":"publish","type":"product","link":"https:\/\/doreytiles.pt\/pt-pt\/product\/albarrada-de-passaros-sec-xvii\/","title":{"rendered":"Albarrada de P\u00e1ssaros, S\u00e9c. XVII"},"content":{"rendered":"<p>\u00c9poca: Meados S\u00e9c. XVII<\/p>\n<pre><\/pre>\n<p>Dimens\u00f5es: 102 cm x 86 cm<\/p>\n<pre><\/pre>\n<p>Painel de azulejos, datado do s\u00e9culo XVII, composto por uma composi\u00e7\u00e3o central, uma Albarrada,\u00a0 ladeada por duas aves, inserida numa cercadura com decora\u00e7\u00e3o vegetalista e enrolamentos de inspira\u00e7\u00e3o barroca.\u00a0 Um friso, com motivos florais e geom\u00e9tricos, refor\u00e7a o enquadramento desta composi\u00e7\u00e3o.<\/p>\n<pre><\/pre>\n<p>Pe\u00e7a \u00danica<\/p>\n<p>&nbsp;<\/p>\n","protected":false},"excerpt":{"rendered":"<p>\u00c9poca: Meados S\u00e9c. XVII Dimens\u00f5es: 102 cm x 86 cm Painel de azulejos, datado do s\u00e9culo XVII, composto por uma composi\u00e7\u00e3o central, uma Albarrada,\u00a0 ladeada por duas aves, inserida numa cercadura com decora\u00e7\u00e3o vegetalista e enrolamentos de inspira\u00e7\u00e3o barroca.\u00a0 Um friso, com motivos florais e geom\u00e9tricos, refor\u00e7a o enquadramento desta composi\u00e7\u00e3o. Pe\u00e7a \u00danica &nbsp;<\/p>\n","protected":false},"featured_media":3037,"template":"","meta":{"_acf_changed":false},"product_brand":[],"product_cat":[45,33,46],"product_tag":[53],"class_list":{"0":"post-3240","1":"product","2":"type-product","3":"status-publish","4":"has-post-thumbnail","6":"product_cat-45","7":"product_cat-azul-e-branco","8":"product_cat-xvii","9":"product_tag-albarradas","11":"first","12":"instock","13":"shipping-taxable","14":"product-type-simple"},"acf":[],"_links":{"self":[{"href":"https:\/\/doreytiles.pt\/pt-pt\/wp-json\/wp\/v2\/product\/3240","targetHints":{"allow":["GET"]}}],"collection":[{"href":"https:\/\/doreytiles.pt\/pt-pt\/wp-json\/wp\/v2\/product"}],"about":[{"href":"https:\/\/doreytiles.pt\/pt-pt\/wp-json\/wp\/v2\/types\/product"}],"wp:featuredmedia":[{"embeddable":true,"href":"https:\/\/doreytiles.pt\/pt-pt\/wp-json\/wp\/v2\/media\/3037"}],"wp:attachment":[{"href":"https:\/\/doreytiles.pt\/pt-pt\/wp-json\/wp\/v2\/media?parent=3240"}],"wp:term":[{"taxonomy":"product_brand","embeddable":true,"href":"https:\/\/doreytiles.pt\/pt-pt\/wp-json\/wp\/v2\/product_brand?post=3240"},{"taxonomy":"product_cat","embeddable":true,"href":"https:\/\/doreytiles.pt\/pt-pt\/wp-json\/wp\/v2\/product_cat?post=3240"},{"taxonomy":"product_tag","embeddable":true,"href":"https:\/\/doreytiles.pt\/pt-pt\/wp-json\/wp\/v2\/product_tag?post=3240"}],"curies":[{"name":"wp","href":"https:\/\/api.w.org\/{rel}","templated":true}]}}