{"id":3241,"date":"2025-06-21T18:12:41","date_gmt":"2025-06-21T18:12:41","guid":{"rendered":"https:\/\/doreytiles.pt\/?post_type=product&#038;p=3241"},"modified":"2025-07-03T11:00:01","modified_gmt":"2025-07-03T11:00:01","slug":"conjunto-de-vasos-classicos","status":"publish","type":"product","link":"https:\/\/doreytiles.pt\/pt-pt\/product\/conjunto-de-vasos-classicos\/","title":{"rendered":"Conjunto de Vasos em Faian\u00e7a Portuguesa"},"content":{"rendered":"<p>\u00c9poca: In\u00edcio s\u00e9c. XX<\/p>\n<pre><\/pre>\n<p>Dimens\u00f5es: 60 cm x 41 cm<\/p>\n<pre><\/pre>\n<p>Conjunto de vasos em faian\u00e7a vidrada, finais do s\u00e9c. XIX-\u00a0 in\u00edcio s\u00e9c. XX, com decora\u00e7\u00e3o cl\u00e1ssica em relevo, incluindo m\u00e1scaras femininas e guirlandas florais. Vidrado em cor branco marfim com base quadrada.<\/p>\n<p>&nbsp;<\/p>\n","protected":false},"excerpt":{"rendered":"<p>\u00c9poca: In\u00edcio s\u00e9c. XX Dimens\u00f5es: 60 cm x 41 cm Conjunto de vasos em faian\u00e7a vidrada, finais do s\u00e9c. XIX-\u00a0 in\u00edcio s\u00e9c. XX, com decora\u00e7\u00e3o cl\u00e1ssica em relevo, incluindo m\u00e1scaras femininas e guirlandas florais. Vidrado em cor branco marfim com base quadrada. &nbsp;<\/p>\n","protected":false},"featured_media":3169,"template":"","meta":{"_acf_changed":false},"product_brand":[],"product_cat":[42,48],"product_tag":[59],"class_list":{"0":"post-3241","1":"product","2":"type-product","3":"status-publish","4":"has-post-thumbnail","6":"product_cat-42","7":"product_cat-xix","8":"product_tag-faianca","10":"first","11":"instock","12":"shipping-taxable","13":"product-type-simple"},"acf":[],"_links":{"self":[{"href":"https:\/\/doreytiles.pt\/pt-pt\/wp-json\/wp\/v2\/product\/3241","targetHints":{"allow":["GET"]}}],"collection":[{"href":"https:\/\/doreytiles.pt\/pt-pt\/wp-json\/wp\/v2\/product"}],"about":[{"href":"https:\/\/doreytiles.pt\/pt-pt\/wp-json\/wp\/v2\/types\/product"}],"wp:featuredmedia":[{"embeddable":true,"href":"https:\/\/doreytiles.pt\/pt-pt\/wp-json\/wp\/v2\/media\/3169"}],"wp:attachment":[{"href":"https:\/\/doreytiles.pt\/pt-pt\/wp-json\/wp\/v2\/media?parent=3241"}],"wp:term":[{"taxonomy":"product_brand","embeddable":true,"href":"https:\/\/doreytiles.pt\/pt-pt\/wp-json\/wp\/v2\/product_brand?post=3241"},{"taxonomy":"product_cat","embeddable":true,"href":"https:\/\/doreytiles.pt\/pt-pt\/wp-json\/wp\/v2\/product_cat?post=3241"},{"taxonomy":"product_tag","embeddable":true,"href":"https:\/\/doreytiles.pt\/pt-pt\/wp-json\/wp\/v2\/product_tag?post=3241"}],"curies":[{"name":"wp","href":"https:\/\/api.w.org\/{rel}","templated":true}]}}