{"id":3260,"date":"2025-06-22T19:21:01","date_gmt":"2025-06-22T19:21:01","guid":{"rendered":"https:\/\/doreytiles.pt\/?post_type=product&#038;p=3260"},"modified":"2025-07-02T14:39:03","modified_gmt":"2025-07-02T14:39:03","slug":"banco-em-ceramica-vidrada-motivo-videria-caldas-da-rainha","status":"publish","type":"product","link":"https:\/\/doreytiles.pt\/pt-pt\/product\/banco-em-ceramica-vidrada-motivo-videria-caldas-da-rainha\/","title":{"rendered":"Banco em Cer\u00e2mica Vidrada, Motivo Videria, Caldas da Rainha"},"content":{"rendered":"<p>\u00c9poca: S\u00e9c. XX<\/p>\n<pre><\/pre>\n<p>Dimens\u00f5es: 46 cm x 30 cm<\/p>\n<pre><\/pre>\n<article class=\"text-token-text-primary w-full\" dir=\"auto\" data-testid=\"conversation-turn-32\" data-scroll-anchor=\"true\">\n<div class=\"text-base my-auto mx-auto py-5 [--thread-content-margin:--spacing(4)] @[37rem]:[--thread-content-margin:--spacing(6)] @[72rem]:[--thread-content-margin:--spacing(16)] px-(--thread-content-margin)\">\n<div class=\"[--thread-content-max-width:32rem] @[34rem]:[--thread-content-max-width:40rem] @[64rem]:[--thread-content-max-width:48rem] mx-auto flex max-w-(--thread-content-max-width) flex-1 text-base gap-4 md:gap-5 lg:gap-6 group\/turn-messages focus-visible:outline-hidden\" tabindex=\"-1\">\n<div class=\"group\/conversation-turn relative flex w-full min-w-0 flex-col agent-turn\">\n<div class=\"relative flex-col gap-1 md:gap-3\">\n<div class=\"flex max-w-full flex-col grow\">\n<div class=\"min-h-8 text-message relative flex w-full flex-col items-end gap-2 text-start break-words whitespace-normal [.text-message+&amp;]:mt-5\" dir=\"auto\" data-message-author-role=\"assistant\" data-message-id=\"13ad9cf5-5d7a-4ae6-9f47-61f7529ba495\" data-message-model-slug=\"gpt-4o\">\n<div class=\"flex w-full flex-col gap-1 empty:hidden first:pt-[3px]\">\n<div class=\"markdown prose dark:prose-invert w-full break-words light\">\n<p data-start=\"0\" data-end=\"631\" data-is-last-node=\"\" data-is-only-node=\"\">Banco de jardim em cer\u00e2mica vidrada, datado possivelmente do final do s\u00e9culo XIX ou in\u00edcio do s\u00e9culo XX.<\/p>\n<p data-start=\"0\" data-end=\"631\" data-is-last-node=\"\" data-is-only-node=\"\">Apresenta uma decora\u00e7\u00e3o em relevo com motivos vegetalistas de inspira\u00e7\u00e3o naturalista e em v\u00e1rios tons de verde, criando um efeito de folhagem densa, possivelmente de videira.<\/p>\n<\/div>\n<\/div>\n<\/div>\n<\/div>\n<\/div>\n<\/div>\n<\/div>\n<\/div>\n<\/article>\n<div class=\"pointer-events-none h-px w-px\" aria-hidden=\"true\" data-edge=\"true\"><\/div>\n<p>&nbsp;<\/p>\n","protected":false},"excerpt":{"rendered":"<p>\u00c9poca: S\u00e9c. XX Dimens\u00f5es: 46 cm x 30 cm Banco de jardim em cer\u00e2mica vidrada, datado possivelmente do final do s\u00e9culo XIX ou in\u00edcio do s\u00e9culo XX. Apresenta uma decora\u00e7\u00e3o em relevo com motivos vegetalistas de inspira\u00e7\u00e3o naturalista e em v\u00e1rios tons de verde, criando um efeito de folhagem densa, possivelmente de videira. &nbsp;<\/p>\n","protected":false},"featured_media":3233,"template":"","meta":{"_acf_changed":false},"product_brand":[],"product_cat":[42,48],"product_tag":[57,59],"class_list":{"0":"post-3260","1":"product","2":"type-product","3":"status-publish","4":"has-post-thumbnail","6":"product_cat-42","7":"product_cat-xix","8":"product_tag-caldas-da-rainha","9":"product_tag-faianca","11":"first","12":"instock","13":"shipping-taxable","14":"product-type-simple"},"acf":[],"_links":{"self":[{"href":"https:\/\/doreytiles.pt\/pt-pt\/wp-json\/wp\/v2\/product\/3260","targetHints":{"allow":["GET"]}}],"collection":[{"href":"https:\/\/doreytiles.pt\/pt-pt\/wp-json\/wp\/v2\/product"}],"about":[{"href":"https:\/\/doreytiles.pt\/pt-pt\/wp-json\/wp\/v2\/types\/product"}],"wp:featuredmedia":[{"embeddable":true,"href":"https:\/\/doreytiles.pt\/pt-pt\/wp-json\/wp\/v2\/media\/3233"}],"wp:attachment":[{"href":"https:\/\/doreytiles.pt\/pt-pt\/wp-json\/wp\/v2\/media?parent=3260"}],"wp:term":[{"taxonomy":"product_brand","embeddable":true,"href":"https:\/\/doreytiles.pt\/pt-pt\/wp-json\/wp\/v2\/product_brand?post=3260"},{"taxonomy":"product_cat","embeddable":true,"href":"https:\/\/doreytiles.pt\/pt-pt\/wp-json\/wp\/v2\/product_cat?post=3260"},{"taxonomy":"product_tag","embeddable":true,"href":"https:\/\/doreytiles.pt\/pt-pt\/wp-json\/wp\/v2\/product_tag?post=3260"}],"curies":[{"name":"wp","href":"https:\/\/api.w.org\/{rel}","templated":true}]}}