{"id":3261,"date":"2025-06-22T19:25:06","date_gmt":"2025-06-22T19:25:06","guid":{"rendered":"https:\/\/doreytiles.pt\/?post_type=product&#038;p=3261"},"modified":"2025-07-02T14:39:02","modified_gmt":"2025-07-02T14:39:02","slug":"composicao-azulejar-padrao-cruz-de-malta-sec-xvii","status":"publish","type":"product","link":"https:\/\/doreytiles.pt\/pt-pt\/product\/composicao-azulejar-padrao-cruz-de-malta-sec-xvii\/","title":{"rendered":"Composi\u00e7\u00e3o Azulejar, Padr\u00e3o Cruz de Malta, S\u00e9c. XVII"},"content":{"rendered":"<p>\u00c9poca: S\u00e9c. XVII<\/p>\n<pre><\/pre>\n<p>Dimens\u00f5es: 56 cm x 56 cm<\/p>\n<pre><\/pre>\n<p>Composi\u00e7\u00e3o azulejar, considerada rara, com azulejos de padr\u00e3o denominado de &#8220;Cruz de Malta&#8221; (padr\u00e3o P-395, Azulejaria em Portugal no s\u00e9c. XVII, Tomo I, J.M. Santos Sim\u00f5es)<\/p>\n<p>Cercadura que complementa a quadra central, descrita como ornatos arrendados (C-49, Azulejaria em Portugal no s\u00e9c. XVII, Tomo I, J.M. Santos Sim\u00f5es).<\/p>\n<p>&nbsp;<\/p>\n","protected":false},"excerpt":{"rendered":"<p>\u00c9poca: S\u00e9c. XVII Dimens\u00f5es: 56 cm x 56 cm Composi\u00e7\u00e3o azulejar, considerada rara, com azulejos de padr\u00e3o denominado de &#8220;Cruz de Malta&#8221; (padr\u00e3o P-395, Azulejaria em Portugal no s\u00e9c. XVII, Tomo I, J.M. Santos Sim\u00f5es) Cercadura que complementa a quadra central, descrita como ornatos arrendados (C-49, Azulejaria em Portugal no s\u00e9c. XVII, Tomo I, J.M. [&hellip;]<\/p>\n","protected":false},"featured_media":3187,"template":"","meta":{"_acf_changed":false},"product_brand":[],"product_cat":[44,35,33,46],"product_tag":[37,58],"class_list":{"0":"post-3261","1":"product","2":"type-product","3":"status-publish","4":"has-post-thumbnail","6":"product_cat-44","7":"product_cat-amarelos","8":"product_cat-azul-e-branco","9":"product_cat-xvii","10":"product_tag-azulejo-padrao","11":"product_tag-pecas-de-colecao","13":"first","14":"instock","15":"shipping-taxable","16":"product-type-simple"},"acf":[],"_links":{"self":[{"href":"https:\/\/doreytiles.pt\/pt-pt\/wp-json\/wp\/v2\/product\/3261","targetHints":{"allow":["GET"]}}],"collection":[{"href":"https:\/\/doreytiles.pt\/pt-pt\/wp-json\/wp\/v2\/product"}],"about":[{"href":"https:\/\/doreytiles.pt\/pt-pt\/wp-json\/wp\/v2\/types\/product"}],"wp:featuredmedia":[{"embeddable":true,"href":"https:\/\/doreytiles.pt\/pt-pt\/wp-json\/wp\/v2\/media\/3187"}],"wp:attachment":[{"href":"https:\/\/doreytiles.pt\/pt-pt\/wp-json\/wp\/v2\/media?parent=3261"}],"wp:term":[{"taxonomy":"product_brand","embeddable":true,"href":"https:\/\/doreytiles.pt\/pt-pt\/wp-json\/wp\/v2\/product_brand?post=3261"},{"taxonomy":"product_cat","embeddable":true,"href":"https:\/\/doreytiles.pt\/pt-pt\/wp-json\/wp\/v2\/product_cat?post=3261"},{"taxonomy":"product_tag","embeddable":true,"href":"https:\/\/doreytiles.pt\/pt-pt\/wp-json\/wp\/v2\/product_tag?post=3261"}],"curies":[{"name":"wp","href":"https:\/\/api.w.org\/{rel}","templated":true}]}}