{"id":3265,"date":"2025-06-22T19:38:51","date_gmt":"2025-06-22T19:38:51","guid":{"rendered":"https:\/\/doreytiles.pt\/?post_type=product&#038;p=3265"},"modified":"2025-07-03T11:02:11","modified_gmt":"2025-07-03T11:02:11","slug":"pinhas-em-ceramica-vidrada-sec-xix","status":"publish","type":"product","link":"https:\/\/doreytiles.pt\/pt-pt\/product\/pinhas-em-ceramica-vidrada-sec-xix\/","title":{"rendered":"Pinhas em Cer\u00e2mica Vidrada, S\u00e9c. XIX"},"content":{"rendered":"<p>\u00c9poca: Finais s\u00e9c XIX &#8211; in\u00edcio s\u00e9c. XX<\/p>\n<pre><\/pre>\n<p>Pinha esquerda: 65 cm por 38 cm<\/p>\n<pre><\/pre>\n<p>Pinha direita:\u00a0 60 cm por 35cm<\/p>\n<pre><\/pre>\n<p>Pinhas ornamentais em cer\u00e2mica vidrada, com tons de bege, verde e amarelo.<\/p>\n<p>Apenas existem individualmente.<\/p>\n","protected":false},"excerpt":{"rendered":"<p>\u00c9poca: Finais s\u00e9c XIX &#8211; in\u00edcio s\u00e9c. XX Pinha esquerda: 65 cm por 38 cm Pinha direita:\u00a0 60 cm por 35cm Pinhas ornamentais em cer\u00e2mica vidrada, com tons de bege, verde e amarelo. Apenas existem individualmente.<\/p>\n","protected":false},"featured_media":2939,"template":"","meta":{"_acf_changed":false},"product_brand":[],"product_cat":[42,48],"product_tag":[59],"class_list":{"0":"post-3265","1":"product","2":"type-product","3":"status-publish","4":"has-post-thumbnail","6":"product_cat-42","7":"product_cat-xix","8":"product_tag-faianca","10":"first","11":"instock","12":"shipping-taxable","13":"product-type-simple"},"acf":[],"_links":{"self":[{"href":"https:\/\/doreytiles.pt\/pt-pt\/wp-json\/wp\/v2\/product\/3265","targetHints":{"allow":["GET"]}}],"collection":[{"href":"https:\/\/doreytiles.pt\/pt-pt\/wp-json\/wp\/v2\/product"}],"about":[{"href":"https:\/\/doreytiles.pt\/pt-pt\/wp-json\/wp\/v2\/types\/product"}],"wp:featuredmedia":[{"embeddable":true,"href":"https:\/\/doreytiles.pt\/pt-pt\/wp-json\/wp\/v2\/media\/2939"}],"wp:attachment":[{"href":"https:\/\/doreytiles.pt\/pt-pt\/wp-json\/wp\/v2\/media?parent=3265"}],"wp:term":[{"taxonomy":"product_brand","embeddable":true,"href":"https:\/\/doreytiles.pt\/pt-pt\/wp-json\/wp\/v2\/product_brand?post=3265"},{"taxonomy":"product_cat","embeddable":true,"href":"https:\/\/doreytiles.pt\/pt-pt\/wp-json\/wp\/v2\/product_cat?post=3265"},{"taxonomy":"product_tag","embeddable":true,"href":"https:\/\/doreytiles.pt\/pt-pt\/wp-json\/wp\/v2\/product_tag?post=3265"}],"curies":[{"name":"wp","href":"https:\/\/api.w.org\/{rel}","templated":true}]}}