{"id":3282,"date":"2025-06-23T10:05:22","date_gmt":"2025-06-23T10:05:22","guid":{"rendered":"https:\/\/doreytiles.pt\/?post_type=product&#038;p=3282"},"modified":"2025-07-03T14:06:22","modified_gmt":"2025-07-03T14:06:22","slug":"pia-em-pedra-com-querubim-sec-xviii","status":"publish","type":"product","link":"https:\/\/doreytiles.pt\/pt-pt\/product\/pia-em-pedra-com-querubim-sec-xviii\/","title":{"rendered":"Pia em Pedra com Querubim, S\u00e9c. XVIII"},"content":{"rendered":"<p>\u00c9poca: Meados s\u00e9c. XVIII<\/p>\n<pre><\/pre>\n<p>Dimens\u00f5es: 51 cm x 32 cm x 15cm<\/p>\n<pre><\/pre>\n<p>Pia em pedra, portuguesa, com representa\u00e7\u00e3o de uma cara de querubim, datada do s\u00e9culo XVIII.<\/p>\n","protected":false},"excerpt":{"rendered":"<p>\u00c9poca: Meados s\u00e9c. XVIII Dimens\u00f5es: 51 cm x 32 cm x 15cm Pia em pedra, portuguesa, com representa\u00e7\u00e3o de uma cara de querubim, datada do s\u00e9culo XVIII.<\/p>\n","protected":false},"featured_media":3211,"template":"","meta":{"_acf_changed":false},"product_brand":[],"product_cat":[42,47],"product_tag":[60],"class_list":{"0":"post-3282","1":"product","2":"type-product","3":"status-publish","4":"has-post-thumbnail","6":"product_cat-42","7":"product_cat-xviii","8":"product_tag-pedras","10":"first","11":"instock","12":"shipping-taxable","13":"product-type-simple"},"acf":[],"_links":{"self":[{"href":"https:\/\/doreytiles.pt\/pt-pt\/wp-json\/wp\/v2\/product\/3282","targetHints":{"allow":["GET"]}}],"collection":[{"href":"https:\/\/doreytiles.pt\/pt-pt\/wp-json\/wp\/v2\/product"}],"about":[{"href":"https:\/\/doreytiles.pt\/pt-pt\/wp-json\/wp\/v2\/types\/product"}],"wp:featuredmedia":[{"embeddable":true,"href":"https:\/\/doreytiles.pt\/pt-pt\/wp-json\/wp\/v2\/media\/3211"}],"wp:attachment":[{"href":"https:\/\/doreytiles.pt\/pt-pt\/wp-json\/wp\/v2\/media?parent=3282"}],"wp:term":[{"taxonomy":"product_brand","embeddable":true,"href":"https:\/\/doreytiles.pt\/pt-pt\/wp-json\/wp\/v2\/product_brand?post=3282"},{"taxonomy":"product_cat","embeddable":true,"href":"https:\/\/doreytiles.pt\/pt-pt\/wp-json\/wp\/v2\/product_cat?post=3282"},{"taxonomy":"product_tag","embeddable":true,"href":"https:\/\/doreytiles.pt\/pt-pt\/wp-json\/wp\/v2\/product_tag?post=3282"}],"curies":[{"name":"wp","href":"https:\/\/api.w.org\/{rel}","templated":true}]}}