{"id":3283,"date":"2025-06-23T10:21:37","date_gmt":"2025-06-23T10:21:37","guid":{"rendered":"https:\/\/doreytiles.pt\/?post_type=product&#038;p=3283"},"modified":"2025-07-02T14:38:59","modified_gmt":"2025-07-02T14:38:59","slug":"par-de-pinhas-devezas-sec-xix","status":"publish","type":"product","link":"https:\/\/doreytiles.pt\/pt-pt\/product\/par-de-pinhas-devezas-sec-xix\/","title":{"rendered":"Par de Pinhas Devezas, S\u00e9c. XIX"},"content":{"rendered":"<p>\u00c9poca: Final S\u00e9c. XIX<\/p>\n<pre><\/pre>\n<p>Dimens\u00f5es: 40 cm x 25 cm<\/p>\n<pre><\/pre>\n<p>Par de pinhas em faian\u00e7a azul e branca, produzidas na\u00a0 F\u00e1brica das Devezas no s\u00e9culo XIX.<\/p>\n<p>Assentes sobre bases quadrangulares com inscri\u00e7\u00f5es \u201cF\u00e1birca DEVEZAS\u201d,\u00a0 \u201cPORTO\u201d, &#8221; J P Valente&#8221; as pe\u00e7as apresentam uma superf\u00edcie cuidadosamente relevada, t\u00edpica da decora\u00e7\u00e3o cer\u00e2mica portuguesa da \u00e9poca. Estes objetos, de forte presen\u00e7a arquitet\u00f4nica, eram tradicionalmente utilizados como elementos decorativos de remate em port\u00f5es, muros ou topos de edif\u00edcios.<\/p>\n<p>Pe\u00e7a \u00danica<\/p>\n","protected":false},"excerpt":{"rendered":"<p>\u00c9poca: Final S\u00e9c. XIX Dimens\u00f5es: 40 cm x 25 cm Par de pinhas em faian\u00e7a azul e branca, produzidas na\u00a0 F\u00e1brica das Devezas no s\u00e9culo XIX. Assentes sobre bases quadrangulares com inscri\u00e7\u00f5es \u201cF\u00e1birca DEVEZAS\u201d,\u00a0 \u201cPORTO\u201d, &#8221; J P Valente&#8221; as pe\u00e7as apresentam uma superf\u00edcie cuidadosamente relevada, t\u00edpica da decora\u00e7\u00e3o cer\u00e2mica portuguesa da \u00e9poca. Estes objetos, [&hellip;]<\/p>\n","protected":false},"featured_media":3175,"template":"","meta":{"_acf_changed":false},"product_brand":[],"product_cat":[42,33,48],"product_tag":[59],"class_list":{"0":"post-3283","1":"product","2":"type-product","3":"status-publish","4":"has-post-thumbnail","6":"product_cat-42","7":"product_cat-azul-e-branco","8":"product_cat-xix","9":"product_tag-faianca","11":"first","12":"instock","13":"shipping-taxable","14":"product-type-simple"},"acf":[],"_links":{"self":[{"href":"https:\/\/doreytiles.pt\/pt-pt\/wp-json\/wp\/v2\/product\/3283","targetHints":{"allow":["GET"]}}],"collection":[{"href":"https:\/\/doreytiles.pt\/pt-pt\/wp-json\/wp\/v2\/product"}],"about":[{"href":"https:\/\/doreytiles.pt\/pt-pt\/wp-json\/wp\/v2\/types\/product"}],"wp:featuredmedia":[{"embeddable":true,"href":"https:\/\/doreytiles.pt\/pt-pt\/wp-json\/wp\/v2\/media\/3175"}],"wp:attachment":[{"href":"https:\/\/doreytiles.pt\/pt-pt\/wp-json\/wp\/v2\/media?parent=3283"}],"wp:term":[{"taxonomy":"product_brand","embeddable":true,"href":"https:\/\/doreytiles.pt\/pt-pt\/wp-json\/wp\/v2\/product_brand?post=3283"},{"taxonomy":"product_cat","embeddable":true,"href":"https:\/\/doreytiles.pt\/pt-pt\/wp-json\/wp\/v2\/product_cat?post=3283"},{"taxonomy":"product_tag","embeddable":true,"href":"https:\/\/doreytiles.pt\/pt-pt\/wp-json\/wp\/v2\/product_tag?post=3283"}],"curies":[{"name":"wp","href":"https:\/\/api.w.org\/{rel}","templated":true}]}}