{"id":3284,"date":"2025-06-23T12:36:27","date_gmt":"2025-06-23T12:36:27","guid":{"rendered":"https:\/\/doreytiles.pt\/?post_type=product&#038;p=3284"},"modified":"2025-07-02T14:38:59","modified_gmt":"2025-07-02T14:38:59","slug":"par-de-albarradas-sec-xvii","status":"publish","type":"product","link":"https:\/\/doreytiles.pt\/pt-pt\/product\/par-de-albarradas-sec-xvii\/","title":{"rendered":"Par de Albarradas, S\u00e9c. XVII"},"content":{"rendered":"<p>\u00c9poca: Finais S\u00e9c. XVII<\/p>\n<pre><\/pre>\n<p>Dimens\u00f5es: 84 x 56 cm<\/p>\n<pre><\/pre>\n<p>Painel de azulejos portugueses, pintado em tons de azul sobre fundo branco, apresenta uma composi\u00e7\u00e3o delicada de cestos floridos, ramos ornamentais e p\u00e1ssaros ( papagaios) . Distribu\u00eddo numa matriz de 4&#215;5 azulejos, o conjunto reflete a tradi\u00e7\u00e3o da faian\u00e7a portuguesa dos finais do s\u00e9culo XVII.<\/p>\n","protected":false},"excerpt":{"rendered":"<p>\u00c9poca: Finais S\u00e9c. XVII Dimens\u00f5es: 84 x 56 cm Painel de azulejos portugueses, pintado em tons de azul sobre fundo branco, apresenta uma composi\u00e7\u00e3o delicada de cestos floridos, ramos ornamentais e p\u00e1ssaros ( papagaios) . Distribu\u00eddo numa matriz de 4&#215;5 azulejos, o conjunto reflete a tradi\u00e7\u00e3o da faian\u00e7a portuguesa dos finais do s\u00e9culo XVII.<\/p>\n","protected":false},"featured_media":3079,"template":"","meta":{"_acf_changed":false},"product_brand":[],"product_cat":[45,33,46],"product_tag":[53],"class_list":{"0":"post-3284","1":"product","2":"type-product","3":"status-publish","4":"has-post-thumbnail","6":"product_cat-45","7":"product_cat-azul-e-branco","8":"product_cat-xvii","9":"product_tag-albarradas","11":"first","12":"instock","13":"shipping-taxable","14":"product-type-simple"},"acf":[],"_links":{"self":[{"href":"https:\/\/doreytiles.pt\/pt-pt\/wp-json\/wp\/v2\/product\/3284","targetHints":{"allow":["GET"]}}],"collection":[{"href":"https:\/\/doreytiles.pt\/pt-pt\/wp-json\/wp\/v2\/product"}],"about":[{"href":"https:\/\/doreytiles.pt\/pt-pt\/wp-json\/wp\/v2\/types\/product"}],"wp:featuredmedia":[{"embeddable":true,"href":"https:\/\/doreytiles.pt\/pt-pt\/wp-json\/wp\/v2\/media\/3079"}],"wp:attachment":[{"href":"https:\/\/doreytiles.pt\/pt-pt\/wp-json\/wp\/v2\/media?parent=3284"}],"wp:term":[{"taxonomy":"product_brand","embeddable":true,"href":"https:\/\/doreytiles.pt\/pt-pt\/wp-json\/wp\/v2\/product_brand?post=3284"},{"taxonomy":"product_cat","embeddable":true,"href":"https:\/\/doreytiles.pt\/pt-pt\/wp-json\/wp\/v2\/product_cat?post=3284"},{"taxonomy":"product_tag","embeddable":true,"href":"https:\/\/doreytiles.pt\/pt-pt\/wp-json\/wp\/v2\/product_tag?post=3284"}],"curies":[{"name":"wp","href":"https:\/\/api.w.org\/{rel}","templated":true}]}}