{"id":3286,"date":"2025-06-23T15:00:06","date_gmt":"2025-06-23T15:00:06","guid":{"rendered":"https:\/\/doreytiles.pt\/?post_type=product&#038;p=3286"},"modified":"2025-07-03T11:16:58","modified_gmt":"2025-07-03T11:16:58","slug":"santo-antonio-em-pedra-sec-xvii","status":"publish","type":"product","link":"https:\/\/doreytiles.pt\/pt-pt\/product\/santo-antonio-em-pedra-sec-xvii\/","title":{"rendered":"Santo Ant\u00f3nio em Pedra, S\u00e9c. XVII"},"content":{"rendered":"<p>\u00c9poca:\u00a0 Meados S\u00e9c. XVII<\/p>\n<pre><\/pre>\n<p>Dimens\u00f5es: 80 cm x 30 cm<\/p>\n<pre><\/pre>\n<p>Escultura devocional de Santo Ant\u00f3nio, representado em traje franciscano com cord\u00e3o, segurando o Menino Jesus sobre um livro \u2014 s\u00edmbolos tradicionais do santo. A pe\u00e7a, esculpida em pedra e com vest\u00edgios de policromia original, revela o desgaste do tempo, o que lhe confere car\u00e1ter e autenticidade.<\/p>\n","protected":false},"excerpt":{"rendered":"<p>\u00c9poca:\u00a0 Meados S\u00e9c. XVII Dimens\u00f5es: 80 cm x 30 cm Escultura devocional de Santo Ant\u00f3nio, representado em traje franciscano com cord\u00e3o, segurando o Menino Jesus sobre um livro \u2014 s\u00edmbolos tradicionais do santo. A pe\u00e7a, esculpida em pedra e com vest\u00edgios de policromia original, revela o desgaste do tempo, o que lhe confere car\u00e1ter e [&hellip;]<\/p>\n","protected":false},"featured_media":3137,"template":"","meta":{"_acf_changed":false},"product_brand":[],"product_cat":[42,46],"product_tag":[60],"class_list":{"0":"post-3286","1":"product","2":"type-product","3":"status-publish","4":"has-post-thumbnail","6":"product_cat-42","7":"product_cat-xvii","8":"product_tag-pedras","10":"first","11":"instock","12":"shipping-taxable","13":"product-type-simple"},"acf":[],"_links":{"self":[{"href":"https:\/\/doreytiles.pt\/pt-pt\/wp-json\/wp\/v2\/product\/3286","targetHints":{"allow":["GET"]}}],"collection":[{"href":"https:\/\/doreytiles.pt\/pt-pt\/wp-json\/wp\/v2\/product"}],"about":[{"href":"https:\/\/doreytiles.pt\/pt-pt\/wp-json\/wp\/v2\/types\/product"}],"wp:featuredmedia":[{"embeddable":true,"href":"https:\/\/doreytiles.pt\/pt-pt\/wp-json\/wp\/v2\/media\/3137"}],"wp:attachment":[{"href":"https:\/\/doreytiles.pt\/pt-pt\/wp-json\/wp\/v2\/media?parent=3286"}],"wp:term":[{"taxonomy":"product_brand","embeddable":true,"href":"https:\/\/doreytiles.pt\/pt-pt\/wp-json\/wp\/v2\/product_brand?post=3286"},{"taxonomy":"product_cat","embeddable":true,"href":"https:\/\/doreytiles.pt\/pt-pt\/wp-json\/wp\/v2\/product_cat?post=3286"},{"taxonomy":"product_tag","embeddable":true,"href":"https:\/\/doreytiles.pt\/pt-pt\/wp-json\/wp\/v2\/product_tag?post=3286"}],"curies":[{"name":"wp","href":"https:\/\/api.w.org\/{rel}","templated":true}]}}