{"id":3287,"date":"2025-06-23T15:09:04","date_gmt":"2025-06-23T15:09:04","guid":{"rendered":"https:\/\/doreytiles.pt\/?post_type=product&#038;p=3287"},"modified":"2025-07-03T14:26:44","modified_gmt":"2025-07-03T14:26:44","slug":"estatua-em-marmore-italiano-le-soir","status":"publish","type":"product","link":"https:\/\/doreytiles.pt\/pt-pt\/product\/estatua-em-marmore-italiano-le-soir\/","title":{"rendered":"Est\u00e1tua em M\u00e1rmore Italiano, Le Soir"},"content":{"rendered":"<p>\u00c9poca: Meados S\u00e9c. XIX<\/p>\n<pre><\/pre>\n<p>Dimens\u00f5es: 200 cm x 47 cm<\/p>\n<p>&nbsp;<\/p>\n<p>Escultura em m\u00e1rmore branco italiano,\u00a0 representando figura feminina nua, de p\u00e9, envolta parcialmente por um v\u00e9u que sustenta com os bra\u00e7os erguidos sobre a cabe\u00e7a.<br data-start=\"299\" data-end=\"302\" \/>\u00a0A base octogonal exibe a inscri\u00e7\u00e3o &#8220;LE SOIR&#8221; ( O Entardecer).<\/p>\n","protected":false},"excerpt":{"rendered":"<p>\u00c9poca: Meados S\u00e9c. XIX Dimens\u00f5es: 200 cm x 47 cm &nbsp; Escultura em m\u00e1rmore branco italiano,\u00a0 representando figura feminina nua, de p\u00e9, envolta parcialmente por um v\u00e9u que sustenta com os bra\u00e7os erguidos sobre a cabe\u00e7a.\u00a0A base octogonal exibe a inscri\u00e7\u00e3o &#8220;LE SOIR&#8221; ( O Entardecer).<\/p>\n","protected":false},"featured_media":3296,"template":"","meta":{"_acf_changed":false},"product_brand":[],"product_cat":[42,48],"product_tag":[60],"class_list":{"0":"post-3287","1":"product","2":"type-product","3":"status-publish","4":"has-post-thumbnail","6":"product_cat-42","7":"product_cat-xix","8":"product_tag-pedras","10":"first","11":"instock","12":"shipping-taxable","13":"product-type-simple"},"acf":[],"_links":{"self":[{"href":"https:\/\/doreytiles.pt\/pt-pt\/wp-json\/wp\/v2\/product\/3287","targetHints":{"allow":["GET"]}}],"collection":[{"href":"https:\/\/doreytiles.pt\/pt-pt\/wp-json\/wp\/v2\/product"}],"about":[{"href":"https:\/\/doreytiles.pt\/pt-pt\/wp-json\/wp\/v2\/types\/product"}],"wp:featuredmedia":[{"embeddable":true,"href":"https:\/\/doreytiles.pt\/pt-pt\/wp-json\/wp\/v2\/media\/3296"}],"wp:attachment":[{"href":"https:\/\/doreytiles.pt\/pt-pt\/wp-json\/wp\/v2\/media?parent=3287"}],"wp:term":[{"taxonomy":"product_brand","embeddable":true,"href":"https:\/\/doreytiles.pt\/pt-pt\/wp-json\/wp\/v2\/product_brand?post=3287"},{"taxonomy":"product_cat","embeddable":true,"href":"https:\/\/doreytiles.pt\/pt-pt\/wp-json\/wp\/v2\/product_cat?post=3287"},{"taxonomy":"product_tag","embeddable":true,"href":"https:\/\/doreytiles.pt\/pt-pt\/wp-json\/wp\/v2\/product_tag?post=3287"}],"curies":[{"name":"wp","href":"https:\/\/api.w.org\/{rel}","templated":true}]}}