{"id":3312,"date":"2025-06-23T16:01:01","date_gmt":"2025-06-23T16:01:01","guid":{"rendered":"https:\/\/doreytiles.pt\/?post_type=product&#038;p=3312"},"modified":"2025-07-03T14:16:43","modified_gmt":"2025-07-03T14:16:43","slug":"estatua-em-marmore-italiano-le-matin","status":"publish","type":"product","link":"https:\/\/doreytiles.pt\/pt-pt\/product\/estatua-em-marmore-italiano-le-matin\/","title":{"rendered":"Est\u00e1tua em M\u00e1rmore Italiano, Le Matin"},"content":{"rendered":"<p>\u00c9poca: meados S\u00e9c. XIX<\/p>\n<pre><\/pre>\n<p>Dimens\u00f5es:\u00a0 210 cm x 47 cm<\/p>\n<p>&nbsp;<\/p>\n<p>Escultura em m\u00e1rmore branco italiano representando figura feminina nua, de p\u00e9, envolta parcialmente por tecido que levanta com ambas as m\u00e3os acima da cabe\u00e7a.\u00a0 \u00a0A pe\u00e7a encontra-se sobre base octogonal moldada, com inscri\u00e7\u00e3o &#8216;LE MATIN&#8217; (A Manh\u00e3).<\/p>\n<p>&nbsp;<\/p>\n","protected":false},"excerpt":{"rendered":"<p>\u00c9poca: meados S\u00e9c. XIX Dimens\u00f5es:\u00a0 210 cm x 47 cm &nbsp; Escultura em m\u00e1rmore branco italiano representando figura feminina nua, de p\u00e9, envolta parcialmente por tecido que levanta com ambas as m\u00e3os acima da cabe\u00e7a.\u00a0 \u00a0A pe\u00e7a encontra-se sobre base octogonal moldada, com inscri\u00e7\u00e3o &#8216;LE MATIN&#8217; (A Manh\u00e3). &nbsp;<\/p>\n","protected":false},"featured_media":3298,"template":"","meta":{"_acf_changed":false},"product_brand":[],"product_cat":[42,48],"product_tag":[60],"class_list":{"0":"post-3312","1":"product","2":"type-product","3":"status-publish","4":"has-post-thumbnail","6":"product_cat-42","7":"product_cat-xix","8":"product_tag-pedras","10":"first","11":"instock","12":"shipping-taxable","13":"product-type-simple"},"acf":[],"_links":{"self":[{"href":"https:\/\/doreytiles.pt\/pt-pt\/wp-json\/wp\/v2\/product\/3312","targetHints":{"allow":["GET"]}}],"collection":[{"href":"https:\/\/doreytiles.pt\/pt-pt\/wp-json\/wp\/v2\/product"}],"about":[{"href":"https:\/\/doreytiles.pt\/pt-pt\/wp-json\/wp\/v2\/types\/product"}],"wp:featuredmedia":[{"embeddable":true,"href":"https:\/\/doreytiles.pt\/pt-pt\/wp-json\/wp\/v2\/media\/3298"}],"wp:attachment":[{"href":"https:\/\/doreytiles.pt\/pt-pt\/wp-json\/wp\/v2\/media?parent=3312"}],"wp:term":[{"taxonomy":"product_brand","embeddable":true,"href":"https:\/\/doreytiles.pt\/pt-pt\/wp-json\/wp\/v2\/product_brand?post=3312"},{"taxonomy":"product_cat","embeddable":true,"href":"https:\/\/doreytiles.pt\/pt-pt\/wp-json\/wp\/v2\/product_cat?post=3312"},{"taxonomy":"product_tag","embeddable":true,"href":"https:\/\/doreytiles.pt\/pt-pt\/wp-json\/wp\/v2\/product_tag?post=3312"}],"curies":[{"name":"wp","href":"https:\/\/api.w.org\/{rel}","templated":true}]}}