{"id":3313,"date":"2025-06-23T16:04:26","date_gmt":"2025-06-23T16:04:26","guid":{"rendered":"https:\/\/doreytiles.pt\/?post_type=product&#038;p=3313"},"modified":"2025-07-03T11:23:26","modified_gmt":"2025-07-03T11:23:26","slug":"par-de-pinhas-em-tons-de-amarelo-sec-xix","status":"publish","type":"product","link":"https:\/\/doreytiles.pt\/pt-pt\/product\/par-de-pinhas-em-tons-de-amarelo-sec-xix\/","title":{"rendered":"Par de Pinhas em tons de Amarelo, S\u00e9c XIX"},"content":{"rendered":"<p>\u00c9poca: meados S\u00e9c. XIX<\/p>\n<pre><\/pre>\n<p>Dimens\u00f5es: 70 cm x 45 cm<\/p>\n<pre><\/pre>\n<p>Par de pinhas ornamentais em cer\u00e2mica vidrada, com acabamento em tom amarelo e leve p\u00e1tina que acentua o seu car\u00e1ter decorativo cl\u00e1ssico. Com padr\u00e3o em relevo de losangos que remete \u00e0 simbologia da pinha como emblema de abund\u00e2ncia.<\/p>\n<p>&nbsp;<\/p>\n<p>&nbsp;<\/p>\n","protected":false},"excerpt":{"rendered":"<p>\u00c9poca: meados S\u00e9c. XIX Dimens\u00f5es: 70 cm x 45 cm Par de pinhas ornamentais em cer\u00e2mica vidrada, com acabamento em tom amarelo e leve p\u00e1tina que acentua o seu car\u00e1ter decorativo cl\u00e1ssico. Com padr\u00e3o em relevo de losangos que remete \u00e0 simbologia da pinha como emblema de abund\u00e2ncia. &nbsp; &nbsp;<\/p>\n","protected":false},"featured_media":3193,"template":"","meta":{"_acf_changed":false},"product_brand":[],"product_cat":[42,35,48],"product_tag":[59],"class_list":{"0":"post-3313","1":"product","2":"type-product","3":"status-publish","4":"has-post-thumbnail","6":"product_cat-42","7":"product_cat-amarelos","8":"product_cat-xix","9":"product_tag-faianca","11":"first","12":"instock","13":"shipping-taxable","14":"product-type-simple"},"acf":[],"_links":{"self":[{"href":"https:\/\/doreytiles.pt\/pt-pt\/wp-json\/wp\/v2\/product\/3313","targetHints":{"allow":["GET"]}}],"collection":[{"href":"https:\/\/doreytiles.pt\/pt-pt\/wp-json\/wp\/v2\/product"}],"about":[{"href":"https:\/\/doreytiles.pt\/pt-pt\/wp-json\/wp\/v2\/types\/product"}],"wp:featuredmedia":[{"embeddable":true,"href":"https:\/\/doreytiles.pt\/pt-pt\/wp-json\/wp\/v2\/media\/3193"}],"wp:attachment":[{"href":"https:\/\/doreytiles.pt\/pt-pt\/wp-json\/wp\/v2\/media?parent=3313"}],"wp:term":[{"taxonomy":"product_brand","embeddable":true,"href":"https:\/\/doreytiles.pt\/pt-pt\/wp-json\/wp\/v2\/product_brand?post=3313"},{"taxonomy":"product_cat","embeddable":true,"href":"https:\/\/doreytiles.pt\/pt-pt\/wp-json\/wp\/v2\/product_cat?post=3313"},{"taxonomy":"product_tag","embeddable":true,"href":"https:\/\/doreytiles.pt\/pt-pt\/wp-json\/wp\/v2\/product_tag?post=3313"}],"curies":[{"name":"wp","href":"https:\/\/api.w.org\/{rel}","templated":true}]}}