{"id":3454,"date":"2025-06-26T14:00:53","date_gmt":"2025-06-26T14:00:53","guid":{"rendered":"https:\/\/doreytiles.pt\/?post_type=product&#038;p=3454"},"modified":"2025-07-03T11:28:26","modified_gmt":"2025-07-03T11:28:26","slug":"quadra-pombalina-padrao-5","status":"publish","type":"product","link":"https:\/\/doreytiles.pt\/pt-pt\/product\/quadra-pombalina-padrao-5\/","title":{"rendered":"Quadra Pombalina, Padr\u00e3o (5)"},"content":{"rendered":"<p>\u00c9poca: Segunda metade s\u00e9c. XVIII<\/p>\n<pre><\/pre>\n<p>Dimens\u00f5es: 14cm cada azulejo \u00a0(poder\u00e3o ser feitas composi\u00e7\u00f5es com outras dimens\u00f5es)<\/p>\n<pre><\/pre>\n<p>Azulejos portugueses do s\u00e9culo XVIII que formam um padr\u00e3o cont\u00ednuo. Produzidos p\u00f3s terramoto de 1755, foram utilizados para decorar as fachadas dos edif\u00edcios Lisboetas numa primeira fase e posteriormente alargada a sua utiliza\u00e7\u00e3o na decora\u00e7\u00e3o de espa\u00e7os comuns das casas.<\/p>\n","protected":false},"excerpt":{"rendered":"<p>\u00c9poca: Segunda metade s\u00e9c. XVIII Dimens\u00f5es: 14cm cada azulejo \u00a0(poder\u00e3o ser feitas composi\u00e7\u00f5es com outras dimens\u00f5es) Azulejos portugueses do s\u00e9culo XVIII que formam um padr\u00e3o cont\u00ednuo. Produzidos p\u00f3s terramoto de 1755, foram utilizados para decorar as fachadas dos edif\u00edcios Lisboetas numa primeira fase e posteriormente alargada a sua utiliza\u00e7\u00e3o na decora\u00e7\u00e3o de espa\u00e7os comuns das [&hellip;]<\/p>\n","protected":false},"featured_media":3011,"template":"","meta":{"_acf_changed":false},"product_brand":[],"product_cat":[43,33,34,47],"product_tag":[37,55],"class_list":{"0":"post-3454","1":"product","2":"type-product","3":"status-publish","4":"has-post-thumbnail","6":"product_cat-0-50","7":"product_cat-azul-e-branco","8":"product_cat-manganes","9":"product_cat-xviii","10":"product_tag-azulejo-padrao","11":"product_tag-pombalino","13":"first","14":"instock","15":"shipping-taxable","16":"product-type-simple"},"acf":[],"_links":{"self":[{"href":"https:\/\/doreytiles.pt\/pt-pt\/wp-json\/wp\/v2\/product\/3454","targetHints":{"allow":["GET"]}}],"collection":[{"href":"https:\/\/doreytiles.pt\/pt-pt\/wp-json\/wp\/v2\/product"}],"about":[{"href":"https:\/\/doreytiles.pt\/pt-pt\/wp-json\/wp\/v2\/types\/product"}],"wp:featuredmedia":[{"embeddable":true,"href":"https:\/\/doreytiles.pt\/pt-pt\/wp-json\/wp\/v2\/media\/3011"}],"wp:attachment":[{"href":"https:\/\/doreytiles.pt\/pt-pt\/wp-json\/wp\/v2\/media?parent=3454"}],"wp:term":[{"taxonomy":"product_brand","embeddable":true,"href":"https:\/\/doreytiles.pt\/pt-pt\/wp-json\/wp\/v2\/product_brand?post=3454"},{"taxonomy":"product_cat","embeddable":true,"href":"https:\/\/doreytiles.pt\/pt-pt\/wp-json\/wp\/v2\/product_cat?post=3454"},{"taxonomy":"product_tag","embeddable":true,"href":"https:\/\/doreytiles.pt\/pt-pt\/wp-json\/wp\/v2\/product_tag?post=3454"}],"curies":[{"name":"wp","href":"https:\/\/api.w.org\/{rel}","templated":true}]}}