{"id":3770,"date":"2025-07-08T14:12:15","date_gmt":"2025-07-08T14:12:15","guid":{"rendered":"https:\/\/doreytiles.pt\/?post_type=product&#038;p=3770"},"modified":"2025-07-11T09:21:46","modified_gmt":"2025-07-11T09:21:46","slug":"busto-feminino-com-coroa-de-flores","status":"publish","type":"product","link":"https:\/\/doreytiles.pt\/pt-pt\/product\/busto-feminino-com-coroa-de-flores\/","title":{"rendered":"Busto Feminino com Coroa de Flores"},"content":{"rendered":"<p>\u00c9poca: S\u00e9c. XIX<\/p>\n<pre><\/pre>\n<p>Dimens\u00f5es: 60 cm x 49 cm x 30 cm<\/p>\n<pre><\/pre>\n<p>Busto em cer\u00e2mica vidrada de figura feminina com fei\u00e7\u00f5es cl\u00e1ssicas, adornada com coroa de flores e vestes esculpidas . A express\u00e3o e o ornamento floral no peito refor\u00e7am a associa\u00e7\u00e3o simb\u00f3lica com temas de beleza e natureza<\/p>\n<pre><\/pre>\n<p>Pe\u00e7a \u00danica<\/p>\n","protected":false},"excerpt":{"rendered":"<p>\u00c9poca: S\u00e9c. XIX Dimens\u00f5es: 60 cm x 49 cm x 30 cm Busto em cer\u00e2mica vidrada de figura feminina com fei\u00e7\u00f5es cl\u00e1ssicas, adornada com coroa de flores e vestes esculpidas . A express\u00e3o e o ornamento floral no peito refor\u00e7am a associa\u00e7\u00e3o simb\u00f3lica com temas de beleza e natureza Pe\u00e7a \u00danica<\/p>\n","protected":false},"featured_media":2955,"template":"","meta":{"_acf_changed":false},"product_brand":[],"product_cat":[42,48],"product_tag":[59],"class_list":{"0":"post-3770","1":"product","2":"type-product","3":"status-publish","4":"has-post-thumbnail","6":"product_cat-42","7":"product_cat-xix","8":"product_tag-faianca","10":"first","11":"instock","12":"shipping-taxable","13":"product-type-simple"},"acf":[],"_links":{"self":[{"href":"https:\/\/doreytiles.pt\/pt-pt\/wp-json\/wp\/v2\/product\/3770","targetHints":{"allow":["GET"]}}],"collection":[{"href":"https:\/\/doreytiles.pt\/pt-pt\/wp-json\/wp\/v2\/product"}],"about":[{"href":"https:\/\/doreytiles.pt\/pt-pt\/wp-json\/wp\/v2\/types\/product"}],"wp:featuredmedia":[{"embeddable":true,"href":"https:\/\/doreytiles.pt\/pt-pt\/wp-json\/wp\/v2\/media\/2955"}],"wp:attachment":[{"href":"https:\/\/doreytiles.pt\/pt-pt\/wp-json\/wp\/v2\/media?parent=3770"}],"wp:term":[{"taxonomy":"product_brand","embeddable":true,"href":"https:\/\/doreytiles.pt\/pt-pt\/wp-json\/wp\/v2\/product_brand?post=3770"},{"taxonomy":"product_cat","embeddable":true,"href":"https:\/\/doreytiles.pt\/pt-pt\/wp-json\/wp\/v2\/product_cat?post=3770"},{"taxonomy":"product_tag","embeddable":true,"href":"https:\/\/doreytiles.pt\/pt-pt\/wp-json\/wp\/v2\/product_tag?post=3770"}],"curies":[{"name":"wp","href":"https:\/\/api.w.org\/{rel}","templated":true}]}}