{"id":3772,"date":"2025-07-08T14:23:50","date_gmt":"2025-07-08T14:23:50","guid":{"rendered":"https:\/\/doreytiles.pt\/?post_type=product&#038;p=3772"},"modified":"2025-07-11T09:33:00","modified_gmt":"2025-07-11T09:33:00","slug":"busto-feminino-com-coroa-de-flores-copia","status":"publish","type":"product","link":"https:\/\/doreytiles.pt\/pt-pt\/product\/busto-feminino-com-coroa-de-flores-copia\/","title":{"rendered":"S\u00e3o Jo\u00e3o Batista, S\u00e9c. XVIII"},"content":{"rendered":"<p>\u00c9poca: Segunda metade s\u00e9c. XVIII<\/p>\n<pre><\/pre>\n<p>Dimens\u00f5es: 112 cm\u00a0 x 84 cm<\/p>\n<pre><\/pre>\n<p>Painel de azulejos, em azul cobalto com cercadura policromada em tons verdes, amarelos emangan\u00eas, representando S\u00e3o Jo\u00e3o Batista. A figura segura a cruz, acompanhado por um cordeiro, s\u00edmbolo do sacrif\u00edcio de Cristo.<\/p>\n<pre><\/pre>\n<p>Pe\u00e7a \u00danica<\/p>\n","protected":false},"excerpt":{"rendered":"<p>\u00c9poca: Segunda metade s\u00e9c. XVIII Dimens\u00f5es: 112 cm\u00a0 x 84 cm Painel de azulejos, em azul cobalto com cercadura policromada em tons verdes, amarelos emangan\u00eas, representando S\u00e3o Jo\u00e3o Batista. A figura segura a cruz, acompanhado por um cordeiro, s\u00edmbolo do sacrif\u00edcio de Cristo. Pe\u00e7a \u00danica<\/p>\n","protected":false},"featured_media":3043,"template":"","meta":{"_acf_changed":false},"product_brand":[],"product_cat":[42,48],"product_tag":[38],"class_list":{"0":"post-3772","1":"product","2":"type-product","3":"status-publish","4":"has-post-thumbnail","6":"product_cat-42","7":"product_cat-xix","8":"product_tag-paineis-figurativos","10":"first","11":"instock","12":"shipping-taxable","13":"product-type-simple"},"acf":[],"_links":{"self":[{"href":"https:\/\/doreytiles.pt\/pt-pt\/wp-json\/wp\/v2\/product\/3772","targetHints":{"allow":["GET"]}}],"collection":[{"href":"https:\/\/doreytiles.pt\/pt-pt\/wp-json\/wp\/v2\/product"}],"about":[{"href":"https:\/\/doreytiles.pt\/pt-pt\/wp-json\/wp\/v2\/types\/product"}],"wp:featuredmedia":[{"embeddable":true,"href":"https:\/\/doreytiles.pt\/pt-pt\/wp-json\/wp\/v2\/media\/3043"}],"wp:attachment":[{"href":"https:\/\/doreytiles.pt\/pt-pt\/wp-json\/wp\/v2\/media?parent=3772"}],"wp:term":[{"taxonomy":"product_brand","embeddable":true,"href":"https:\/\/doreytiles.pt\/pt-pt\/wp-json\/wp\/v2\/product_brand?post=3772"},{"taxonomy":"product_cat","embeddable":true,"href":"https:\/\/doreytiles.pt\/pt-pt\/wp-json\/wp\/v2\/product_cat?post=3772"},{"taxonomy":"product_tag","embeddable":true,"href":"https:\/\/doreytiles.pt\/pt-pt\/wp-json\/wp\/v2\/product_tag?post=3772"}],"curies":[{"name":"wp","href":"https:\/\/api.w.org\/{rel}","templated":true}]}}